{"id":3887,"date":"2023-07-05T10:47:27","date_gmt":"2023-07-05T10:47:27","guid":{"rendered":"https:\/\/fenixcargo.nl\/security-capabilities-and-policy-for-transmission-of-payment-card-details\/"},"modified":"2025-10-10T12:37:48","modified_gmt":"2025-10-10T12:37:48","slug":"polityka-bezpieczenstwa-i-przekazywania-danych-kart-platniczych","status":"publish","type":"page","link":"https:\/\/fenixcargo.nl\/pl\/polityka-bezpieczenstwa-i-przekazywania-danych-kart-platniczych\/","title":{"rendered":"Mo\u017cliwo\u015bci i polityka bezpiecze\u0144stwa w zakresie przesy\u0142ania danych kart p\u0142atniczych"},"content":{"rendered":"\t\t<div data-elementor-type=\"wp-page\" data-elementor-id=\"3887\" class=\"elementor elementor-3887 elementor-2834\" data-elementor-post-type=\"page\">\n\t\t\t\t\t\t<section class=\"elementor-section elementor-top-section elementor-element elementor-element-5cea719 elementor-section-content-bottom elementor-section-boxed elementor-section-height-default elementor-section-height-default\" data-id=\"5cea719\" data-element_type=\"section\" data-e-type=\"section\" data-settings=\"{&quot;background_background&quot;:&quot;classic&quot;}\">\n\t\t\t\t\t\t\t<div class=\"elementor-background-overlay\"><\/div>\n\t\t\t\t\t\t\t<div class=\"elementor-container elementor-column-gap-no\">\n\t\t\t\t\t<div class=\"elementor-column elementor-col-50 elementor-top-column elementor-element elementor-element-b7794e5\" data-id=\"b7794e5\" data-element_type=\"column\" data-e-type=\"column\">\n\t\t\t<div class=\"elementor-widget-wrap elementor-element-populated\">\n\t\t\t\t\t\t<div class=\"elementor-element elementor-element-1acb79e elementor-widget elementor-widget-heading\" data-id=\"1acb79e\" data-element_type=\"widget\" data-e-type=\"widget\" data-widget_type=\"heading.default\">\n\t\t\t\t<div class=\"elementor-widget-container\">\n\t\t\t\t\t<h1 class=\"elementor-heading-title elementor-size-default\">Mo\u017cliwo\u015bci i polityka bezpiecze\u0144stwa w zakresie przesy\u0142ania danych kart p\u0142atniczych<\/h1>\t\t\t\t<\/div>\n\t\t\t\t<\/div>\n\t\t\t\t\t<\/div>\n\t\t<\/div>\n\t\t\t\t<div class=\"elementor-column elementor-col-50 elementor-top-column elementor-element elementor-element-83aad05\" data-id=\"83aad05\" data-element_type=\"column\" data-e-type=\"column\">\n\t\t\t<div class=\"elementor-widget-wrap elementor-element-populated\">\n\t\t\t\t\t\t<div class=\"elementor-element elementor-element-a465767 elementor-widget elementor-widget-heading\" data-id=\"a465767\" data-element_type=\"widget\" data-e-type=\"widget\" data-widget_type=\"heading.default\">\n\t\t\t\t<div class=\"elementor-widget-container\">\n\t\t\t\t\t<h6 class=\"elementor-heading-title elementor-size-default\">Potrzebujesz pomocy?<\/h6>\t\t\t\t<\/div>\n\t\t\t\t<\/div>\n\t\t\t\t<div class=\"elementor-element elementor-element-9ffd837 elementor-align-end elementor-mobile-align-start elementor-icon-list--layout-inline elementor-list-item-link-full_width elementor-widget elementor-widget-global elementor-global-2132 elementor-widget-icon-list\" data-id=\"9ffd837\" data-element_type=\"widget\" data-e-type=\"widget\" data-widget_type=\"icon-list.default\">\n\t\t\t\t<div class=\"elementor-widget-container\">\n\t\t\t\t\t\t\t<ul class=\"elementor-icon-list-items elementor-inline-items\">\n\t\t\t\t\t\t\t<li class=\"elementor-icon-list-item elementor-inline-item\">\n\t\t\t\t\t\t\t\t\t\t\t<a href=\"tel:+31639541291\">\n\n\t\t\t\t\t\t\t\t\t\t\t\t<span class=\"elementor-icon-list-icon\">\n\t\t\t\t\t\t\t<i aria-hidden=\"true\" class=\"fas fa-phone\"><\/i>\t\t\t\t\t\t<\/span>\n\t\t\t\t\t\t\t\t\t\t<span class=\"elementor-icon-list-text\">+31 639541291<\/span>\n\t\t\t\t\t\t\t\t\t\t\t<\/a>\n\t\t\t\t\t\t\t\t\t<\/li>\n\t\t\t\t\t\t\t\t<li class=\"elementor-icon-list-item elementor-inline-item\">\n\t\t\t\t\t\t\t\t\t\t\t<a href=\"mailto:info@fenixcargo.nl\">\n\n\t\t\t\t\t\t\t\t\t\t\t\t<span class=\"elementor-icon-list-icon\">\n\t\t\t\t\t\t\t<i aria-hidden=\"true\" class=\"fas fa-envelope\"><\/i>\t\t\t\t\t\t<\/span>\n\t\t\t\t\t\t\t\t\t\t<span class=\"elementor-icon-list-text\">info@fenixcargo.nl<\/span>\n\t\t\t\t\t\t\t\t\t\t\t<\/a>\n\t\t\t\t\t\t\t\t\t<\/li>\n\t\t\t\t\t\t<\/ul>\n\t\t\t\t\t\t<\/div>\n\t\t\t\t<\/div>\n\t\t\t\t\t<\/div>\n\t\t<\/div>\n\t\t\t\t\t<\/div>\n\t\t<\/section>\n\t\t\t\t<section class=\"elementor-section elementor-top-section elementor-element elementor-element-f5ee062 elementor-section-boxed elementor-section-height-default elementor-section-height-default\" data-id=\"f5ee062\" data-element_type=\"section\" data-e-type=\"section\" data-settings=\"{&quot;background_background&quot;:&quot;classic&quot;}\">\n\t\t\t\t\t\t<div class=\"elementor-container elementor-column-gap-no\">\n\t\t\t\t\t<div class=\"elementor-column elementor-col-100 elementor-top-column elementor-element elementor-element-3b5b8ad\" data-id=\"3b5b8ad\" data-element_type=\"column\" data-e-type=\"column\">\n\t\t\t<div class=\"elementor-widget-wrap elementor-element-populated\">\n\t\t\t\t\t\t<div class=\"elementor-element elementor-element-63fdb55 elementor-widget elementor-widget-text-editor\" data-id=\"63fdb55\" data-element_type=\"widget\" data-e-type=\"widget\" data-widget_type=\"text-editor.default\">\n\t\t\t\t<div class=\"elementor-widget-container\">\n\t\t\t\t\t\t\t\t\t<p><em>Ostatnia aktualizacja 10 pa\u017adziernika 2025 r.<\/em><\/p><p>Przestrzeganie niniejszej polityki i zwi\u0105zanych z ni\u0105 procedur jest obowi\u0105zkowe dla wszystkich pracownik\u00f3w, kt\u00f3rzy obs\u0142uguj\u0105 lub<br>przetwarzaj\u0105 p\u0142atno\u015bci kart\u0105 w imieniu <strong>Fenix Cargo<\/strong><strong> B.V.<\/strong><\/p><p><strong>Zasady p\u0142atno\u015bci<\/strong><\/p><p>U\u017cytkownik zgadza si\u0119 ui\u015bci\u0107 wszelkie inne zwyczajowe op\u0142aty aukcyjne i op\u0142aty za us\u0142ugi \u015bwiadczone w zwi\u0105zku z zakupem i sprzeda\u017c\u0105 pojazd\u00f3w, w tym mi\u0119dzy innymi op\u0142aty za bram\u0119, op\u0142aty dla kupuj\u0105cych, op\u0142aty za sprzeda\u017c, op\u0142aty za wej\u015bcie, op\u0142aty za za\u0142adunek, op\u0142aty za przechowywanie i inne tego typu op\u0142aty. Kupuj\u0105cy ponosi wy\u0142\u0105czn\u0105 odpowiedzialno\u015b\u0107 za weryfikacj\u0119 op\u0142at pobieranych przez <strong>Fenix Cargo<\/strong><strong> B.V<\/strong>. przed ich poniesieniem. Wszystkie op\u0142aty mog\u0105 ulec zmianie bez powiadomienia.<\/p><p>Depozyt wp\u0142acany w celu z\u0142o\u017cenia oferty na pojazd mo\u017cna wp\u0142aci\u0107 kart\u0105 kredytow\u0105 lub przelewem bankowym. U\u017cytkownik przyjmuje do wiadomo\u015bci, \u017ce firma <strong>Fenix Cargo<\/strong><strong> B.V.<\/strong> mo\u017ce wymaga\u0107 od niego dodatkowej dokumentacji w zwi\u0105zku z programem zapobiegania oszustwom i \u015brodkami bezpiecze\u0144stwa przed zatwierdzeniem wp\u0142aty dokonanej kart\u0105 kredytow\u0105. U\u017cytkownik przyjmuje do wiadomo\u015bci i zgadza si\u0119, \u017ce dostarczy firmie <strong>Fenix<\/strong> <strong>Cargo<\/strong><strong> B.<\/strong><strong> V.<\/strong> tak\u0105 dodatkow\u0105 dokumentacj\u0119, w tym mi\u0119dzy innymi kopi\u0119 dokumentu to\u017csamo\u015bci wydanego przez rz\u0105d, kopi\u0119 karty kredytowej u\u017cytej do wp\u0142aty oraz wszelk\u0105 inn\u0105 dokumentacj\u0119 wymagan\u0105 do ustalenia to\u017csamo\u015bci u\u017cytkownika w ramach programu zapobiegania oszustwom i \u015brodk\u00f3w bezpiecze\u0144stwa firmy <strong>Fenix Cargo<\/strong><strong> B.V<\/strong>., a wszystko to w celu ochrony u\u017cytkownika.  Przed obci\u0105\u017ceniem karty kredytowej U\u017cytkownik wyra\u017ca zgod\u0119 na podpisanie upowa\u017cnienia do wszystkich op\u0142at.<\/p><p>P\u0142atno\u015bci za pojazdy zakupione za po\u015brednictwem Witryny nale\u017cy dokona\u0107 w ci\u0105gu dw\u00f3ch (2) dni od daty zakupu pojazdu przelewem bankowym lub kart\u0105 kredytow\u0105 na konto bankowe <strong>Fenix Cargo<\/strong><strong> B.V.<\/strong>. Pojazdy, kt\u00f3re nie zostan\u0105 op\u0142acone w wy\u017cej okre\u015blonych ramach czasowych, b\u0119d\u0105 podlega\u0107 op\u0142acie za zw\u0142ok\u0119 w wysoko\u015bci 150 EUR (lub wi\u0119cej w zale\u017cno\u015bci od izby rozliczeniowej aukcji) za pojazd dziennie.<\/p><p>Wszystkie faktury s\u0105 wystawiane w EUR. Na \u017cyczenie mo\u017cliwe jest przeliczenie na USD. Obowi\u0105zuj\u0105 kursy wymiany walut naszego lokalnego banku (data wystawienia faktury). Op\u0142aty zale\u017c\u0105 od wybranej waluty. Ka\u017cdy przypadek b\u0119dzie oceniany indywidualnie oraz uzgodniony i potwierdzony z wyprzedzeniem z Kupuj\u0105cym. Op\u0142aty za przelew bankowy trafiaj\u0105 na konto kupuj\u0105cego.     <\/p><p>1. Jakie informacje gromadzimy i w jaki spos\u00f3b je wykorzystujemy?<br>Podczas sk\u0142adania zam\u00f3wienia za po\u015brednictwem <a href=\"https:\/\/fenixcargo.nl\/pl\/\">fenixcargo.nl<\/a> konieczne b\u0119dzie udost\u0119pnienie swoich danych, w tym imienia i nazwiska, adresu e-mail, numeru telefonu i adresu. Podczas procedury p\u0142atno\u015bci, po nawi\u0105zaniu kontaktu z jednym z naszych specjalist\u00f3w, otrzymasz indywidualny link do p\u0142atno\u015bci widoczny tylko dla Ciebie. Wymagane b\u0119dzie r\u0119czne wprowadzenie danych karty kredytowej. Informacje te umo\u017cliwiaj\u0105 nam pomy\u015blne przetworzenie i realizacj\u0119 zam\u00f3wienia. Pomaga nam to r\u00f3wnie\u017c w utrzymaniu zam\u00f3wienia.<\/p><p>2. W jaki spos\u00f3b firma <strong>Fenix Cargo<\/strong><strong> B.V.<\/strong> chroni informacje o klientach?<br>Podczas sk\u0142adania zam\u00f3wie\u0144 korzystamy z bezpiecznego serwera. Oprogramowanie bezpiecznego serwera (SSL) szyfruje wszystkie wprowadzane informacje przed ich wys\u0142aniem do nas. Ponadto wszystkie gromadzone przez nas wra\u017cliwe dane klient\u00f3w s\u0105 chronione kilkoma warstwami szyfrowania i kilkoma warstwami zabezpiecze\u0144, aby zapobiec nieautoryzowanemu dost\u0119powi.<\/p><p>3. Dane karty kredytowej<br>Wszystkie p\u0142atno\u015bci kart\u0105 kredytow\u0105 s\u0105 bezpiecznie przetwarzane przez bramk\u0119 p\u0142atno\u015bci Stripe. Jedynym sposobem z\u0142o\u017cenia zam\u00f3wienia jest p\u0142atno\u015b\u0107 kart\u0105 kredytow\u0105 lub przelewem bankowym. <strong>Fenix Cargo<\/strong><strong> B.V.<\/strong> nie przechowuje \u017cadnych informacji o kartach kredytowych na swoich serwerach.<\/p><p>4. Informacje dotycz\u0105ce p\u0142atno\u015bci<br>Gdy u\u017cytkownik pocz\u0105tkowo podaje lub aktualizuje informacje dotycz\u0105ce p\u0142atno\u015bci, przesy\u0142amy je za po\u015brednictwem szyfrowanego po\u0142\u0105czenia do podmiotu przetwarzaj\u0105cego p\u0142atno\u015bci. Podmiot przetwarzaj\u0105cy p\u0142atno\u015bci wykorzystuje i przetwarza informacje dotycz\u0105ce p\u0142atno\u015bci zgodnie z Polityk\u0105 prywatno\u015bci. <strong>Fenix Cargo<\/strong><strong> B.V.<\/strong> nie przechowuje informacji o p\u0142atno\u015bciach innych ni\u017c kod pocztowy i kraj, kt\u00f3re s\u0105 wymagane do rozlicze\u0144 oraz w celu zapewnienia zgodno\u015bci z przepisami podatkowymi i innymi przepisami rz\u0105dowymi.<\/p><p>5. Zgoda u\u017cytkownika<br>Korzystaj\u0105c z naszej strony internetowej, u\u017cytkownik wyra\u017ca zgod\u0119 na gromadzenie i wykorzystywanie tych informacji. Je\u015bli zdecydujemy si\u0119 zmieni\u0107 nasz\u0105 polityk\u0119 prywatno\u015bci, opublikujemy te zmiany, aby u\u017cytkownik by\u0142 zawsze \u015bwiadomy tego, jakie informacje gromadzimy, w jaki spos\u00f3b je wykorzystujemy i w jakich okoliczno\u015bciach je ujawniamy. <\/p><p>7. Informacje o bramce p\u0142atno\u015bci<br>Oferujemy p\u0142atno\u015bci kart\u0105 kredytow\u0105 dla wszystkich naszych u\u017cytkownik\u00f3w. P\u0142atno\u015bci kart\u0105 kredytow\u0105 s\u0105 dokonywane bezpo\u015brednio za pomoc\u0105 oprogramowania szyfruj\u0105cego SSL, aby zapewni\u0107 bezpiecze\u0144stwo danych osobowych. Ponownie, \u017cadne dane karty kredytowej nie s\u0105 przechowywane.  <\/p><p>W przypadku dalszych pyta\u0144 lub uwag mo\u017cna skontaktowa\u0107 si\u0119 z nami pod adresem:<\/p><ul><li>Telefon: <a href=\"tel:+31639541291\">+31 6 3954 12 91<\/a><\/li><li>E-mail: <a href=\"mailto:info@fenixcargo.nl\">info@fenixcargo.nl<\/a><\/li><li>Formularz kontaktowy online: <a href=\"https:\/\/fenixcargo.nl\/pl\/firma\/kontakt\/\">https:\/\/fenixcargo.nl\/about\/contact\/<\/a><\/li><\/ul>\t\t\t\t\t\t\t\t<\/div>\n\t\t\t\t<\/div>\n\t\t\t\t\t<\/div>\n\t\t<\/div>\n\t\t\t\t\t<\/div>\n\t\t<\/section>\n\t\t\t\t<\/div>\n\t\t","protected":false},"excerpt":{"rendered":"<p>Mo\u017cliwo\u015bci i polityka bezpiecze\u0144stwa w zakresie przesy\u0142ania danych kart p\u0142atniczych Potrzebujesz pomocy? +31 639541291 info@fenixcargo.nl Ostatnia aktualizacja 10 pa\u017adziernika 2025 r. Przestrzeganie niniejszej polityki i zwi\u0105zanych z ni\u0105 procedur jest obowi\u0105zkowe dla wszystkich pracownik\u00f3w, kt\u00f3rzy obs\u0142uguj\u0105 lubprzetwarzaj\u0105 p\u0142atno\u015bci kart\u0105 w imieniu Fenix Cargo B.V. Zasady p\u0142atno\u015bci U\u017cytkownik zgadza si\u0119 ui\u015bci\u0107 wszelkie inne zwyczajowe op\u0142aty aukcyjne [&hellip;]<\/p>\n","protected":false},"author":1,"featured_media":0,"parent":0,"menu_order":0,"comment_status":"closed","ping_status":"closed","template":"","meta":{"site-sidebar-layout":"no-sidebar","site-content-layout":"page-builder","ast-site-content-layout":"default","site-content-style":"default","site-sidebar-style":"default","ast-global-header-display":"","ast-banner-title-visibility":"","ast-main-header-display":"","ast-hfb-above-header-display":"","ast-hfb-below-header-display":"","ast-hfb-mobile-header-display":"","site-post-title":"disabled","ast-breadcrumbs-content":"","ast-featured-img":"disabled","footer-sml-layout":"","ast-disable-related-posts":"","theme-transparent-header-meta":"enabled","adv-header-id-meta":"","stick-header-meta":"default","header-above-stick-meta":"","header-main-stick-meta":"","header-below-stick-meta":"","astra-migrate-meta-layouts":"default","ast-page-background-enabled":"default","ast-page-background-meta":{"desktop":{"background-color":"","background-image":"","background-repeat":"repeat","background-position":"center center","background-size":"auto","background-attachment":"scroll","background-type":"","background-media":"","overlay-type":"","overlay-color":"","overlay-opacity":"","overlay-gradient":""},"tablet":{"background-color":"","background-image":"","background-repeat":"repeat","background-position":"center center","background-size":"auto","background-attachment":"scroll","background-type":"","background-media":"","overlay-type":"","overlay-color":"","overlay-opacity":"","overlay-gradient":""},"mobile":{"background-color":"","background-image":"","background-repeat":"repeat","background-position":"center center","background-size":"auto","background-attachment":"scroll","background-type":"","background-media":"","overlay-type":"","overlay-color":"","overlay-opacity":"","overlay-gradient":""}},"ast-content-background-meta":{"desktop":{"background-color":"var(--ast-global-color-5)","background-image":"","background-repeat":"repeat","background-position":"center center","background-size":"auto","background-attachment":"scroll","background-type":"","background-media":"","overlay-type":"","overlay-color":"","overlay-opacity":"","overlay-gradient":""},"tablet":{"background-color":"var(--ast-global-color-5)","background-image":"","background-repeat":"repeat","background-position":"center center","background-size":"auto","background-attachment":"scroll","background-type":"","background-media":"","overlay-type":"","overlay-color":"","overlay-opacity":"","overlay-gradient":""},"mobile":{"background-color":"var(--ast-global-color-5)","background-image":"","background-repeat":"repeat","background-position":"center center","background-size":"auto","background-attachment":"scroll","background-type":"","background-media":"","overlay-type":"","overlay-color":"","overlay-opacity":"","overlay-gradient":""}},"footnotes":""},"class_list":["post-3887","page","type-page","status-publish","hentry"],"yoast_head":"<!-- This site is optimized with the Yoast SEO plugin v27.4 - https:\/\/yoast.com\/product\/yoast-seo-wordpress\/ -->\n<title>Mo\u017cliwo\u015bci i polityka bezpiecze\u0144stwa w zakresie przesy\u0142ania danych kart p\u0142atniczych - Fenix Cargo<\/title>\n<meta name=\"robots\" content=\"index, follow, max-snippet:-1, max-image-preview:large, max-video-preview:-1\" \/>\n<link rel=\"canonical\" href=\"https:\/\/fenixcargo.nl\/pl\/polityka-bezpieczenstwa-i-przekazywania-danych-kart-platniczych\/\" \/>\n<meta property=\"og:locale\" content=\"pl_PL\" \/>\n<meta property=\"og:type\" content=\"article\" \/>\n<meta property=\"og:title\" content=\"Mo\u017cliwo\u015bci i polityka bezpiecze\u0144stwa w zakresie przesy\u0142ania danych kart p\u0142atniczych - Fenix Cargo\" \/>\n<meta property=\"og:description\" content=\"Mo\u017cliwo\u015bci i polityka bezpiecze\u0144stwa w zakresie przesy\u0142ania danych kart p\u0142atniczych Potrzebujesz pomocy? +31 639541291 info@fenixcargo.nl Ostatnia aktualizacja 10 pa\u017adziernika 2025 r. Przestrzeganie niniejszej polityki i zwi\u0105zanych z ni\u0105 procedur jest obowi\u0105zkowe dla wszystkich pracownik\u00f3w, kt\u00f3rzy obs\u0142uguj\u0105 lubprzetwarzaj\u0105 p\u0142atno\u015bci kart\u0105 w imieniu Fenix Cargo B.V. Zasady p\u0142atno\u015bci U\u017cytkownik zgadza si\u0119 ui\u015bci\u0107 wszelkie inne zwyczajowe op\u0142aty aukcyjne [&hellip;]\" \/>\n<meta property=\"og:url\" content=\"https:\/\/fenixcargo.nl\/pl\/polityka-bezpieczenstwa-i-przekazywania-danych-kart-platniczych\/\" \/>\n<meta property=\"og:site_name\" content=\"Fenix Cargo\" \/>\n<meta property=\"article:modified_time\" content=\"2025-10-10T12:37:48+00:00\" \/>\n<meta name=\"twitter:card\" content=\"summary_large_image\" \/>\n<meta name=\"twitter:label1\" content=\"Szacowany czas czytania\" \/>\n\t<meta name=\"twitter:data1\" content=\"5 minut\" \/>\n<script type=\"application\/ld+json\" class=\"yoast-schema-graph\">{\"@context\":\"https:\\\/\\\/schema.org\",\"@graph\":[{\"@type\":\"WebPage\",\"@id\":\"https:\\\/\\\/fenixcargo.nl\\\/pl\\\/polityka-bezpieczenstwa-i-przekazywania-danych-kart-platniczych\\\/\",\"url\":\"https:\\\/\\\/fenixcargo.nl\\\/pl\\\/polityka-bezpieczenstwa-i-przekazywania-danych-kart-platniczych\\\/\",\"name\":\"Mo\u017cliwo\u015bci i polityka bezpiecze\u0144stwa w zakresie przesy\u0142ania danych kart p\u0142atniczych - Fenix Cargo\",\"isPartOf\":{\"@id\":\"https:\\\/\\\/fenixcargo.nl\\\/pl\\\/#website\"},\"datePublished\":\"2023-07-05T10:47:27+00:00\",\"dateModified\":\"2025-10-10T12:37:48+00:00\",\"breadcrumb\":{\"@id\":\"https:\\\/\\\/fenixcargo.nl\\\/pl\\\/polityka-bezpieczenstwa-i-przekazywania-danych-kart-platniczych\\\/#breadcrumb\"},\"inLanguage\":\"pl-PL\",\"potentialAction\":[{\"@type\":\"ReadAction\",\"target\":[\"https:\\\/\\\/fenixcargo.nl\\\/pl\\\/polityka-bezpieczenstwa-i-przekazywania-danych-kart-platniczych\\\/\"]}]},{\"@type\":\"BreadcrumbList\",\"@id\":\"https:\\\/\\\/fenixcargo.nl\\\/pl\\\/polityka-bezpieczenstwa-i-przekazywania-danych-kart-platniczych\\\/#breadcrumb\",\"itemListElement\":[{\"@type\":\"ListItem\",\"position\":1,\"name\":\"Home\",\"item\":\"https:\\\/\\\/fenixcargo.nl\\\/pl\\\/\"},{\"@type\":\"ListItem\",\"position\":2,\"name\":\"Mo\u017cliwo\u015bci i polityka bezpiecze\u0144stwa w zakresie przesy\u0142ania danych kart p\u0142atniczych\"}]},{\"@type\":\"WebSite\",\"@id\":\"https:\\\/\\\/fenixcargo.nl\\\/pl\\\/#website\",\"url\":\"https:\\\/\\\/fenixcargo.nl\\\/pl\\\/\",\"name\":\"Fenix Cargo\",\"description\":\"Your best cargo partner\",\"publisher\":{\"@id\":\"https:\\\/\\\/fenixcargo.nl\\\/pl\\\/#organization\"},\"potentialAction\":[{\"@type\":\"SearchAction\",\"target\":{\"@type\":\"EntryPoint\",\"urlTemplate\":\"https:\\\/\\\/fenixcargo.nl\\\/pl\\\/?s={search_term_string}\"},\"query-input\":{\"@type\":\"PropertyValueSpecification\",\"valueRequired\":true,\"valueName\":\"search_term_string\"}}],\"inLanguage\":\"pl-PL\"},{\"@type\":\"Organization\",\"@id\":\"https:\\\/\\\/fenixcargo.nl\\\/pl\\\/#organization\",\"name\":\"Fenix Cargo\",\"url\":\"https:\\\/\\\/fenixcargo.nl\\\/pl\\\/\",\"logo\":{\"@type\":\"ImageObject\",\"inLanguage\":\"pl-PL\",\"@id\":\"https:\\\/\\\/fenixcargo.nl\\\/pl\\\/#\\\/schema\\\/logo\\\/image\\\/\",\"url\":\"https:\\\/\\\/fenixcargo.nl\\\/wp-content\\\/uploads\\\/2025\\\/10\\\/Baltas-2-1.svg\",\"contentUrl\":\"https:\\\/\\\/fenixcargo.nl\\\/wp-content\\\/uploads\\\/2025\\\/10\\\/Baltas-2-1.svg\",\"width\":570,\"height\":120,\"caption\":\"Fenix Cargo\"},\"image\":{\"@id\":\"https:\\\/\\\/fenixcargo.nl\\\/pl\\\/#\\\/schema\\\/logo\\\/image\\\/\"}}]}<\/script>\n<!-- \/ Yoast SEO plugin. -->","yoast_head_json":{"title":"Mo\u017cliwo\u015bci i polityka bezpiecze\u0144stwa w zakresie przesy\u0142ania danych kart p\u0142atniczych - Fenix Cargo","robots":{"index":"index","follow":"follow","max-snippet":"max-snippet:-1","max-image-preview":"max-image-preview:large","max-video-preview":"max-video-preview:-1"},"canonical":"https:\/\/fenixcargo.nl\/pl\/polityka-bezpieczenstwa-i-przekazywania-danych-kart-platniczych\/","og_locale":"pl_PL","og_type":"article","og_title":"Mo\u017cliwo\u015bci i polityka bezpiecze\u0144stwa w zakresie przesy\u0142ania danych kart p\u0142atniczych - Fenix Cargo","og_description":"Mo\u017cliwo\u015bci i polityka bezpiecze\u0144stwa w zakresie przesy\u0142ania danych kart p\u0142atniczych Potrzebujesz pomocy? +31 639541291 info@fenixcargo.nl Ostatnia aktualizacja 10 pa\u017adziernika 2025 r. Przestrzeganie niniejszej polityki i zwi\u0105zanych z ni\u0105 procedur jest obowi\u0105zkowe dla wszystkich pracownik\u00f3w, kt\u00f3rzy obs\u0142uguj\u0105 lubprzetwarzaj\u0105 p\u0142atno\u015bci kart\u0105 w imieniu Fenix Cargo B.V. Zasady p\u0142atno\u015bci U\u017cytkownik zgadza si\u0119 ui\u015bci\u0107 wszelkie inne zwyczajowe op\u0142aty aukcyjne [&hellip;]","og_url":"https:\/\/fenixcargo.nl\/pl\/polityka-bezpieczenstwa-i-przekazywania-danych-kart-platniczych\/","og_site_name":"Fenix Cargo","article_modified_time":"2025-10-10T12:37:48+00:00","twitter_card":"summary_large_image","twitter_misc":{"Szacowany czas czytania":"5 minut"},"schema":{"@context":"https:\/\/schema.org","@graph":[{"@type":"WebPage","@id":"https:\/\/fenixcargo.nl\/pl\/polityka-bezpieczenstwa-i-przekazywania-danych-kart-platniczych\/","url":"https:\/\/fenixcargo.nl\/pl\/polityka-bezpieczenstwa-i-przekazywania-danych-kart-platniczych\/","name":"Mo\u017cliwo\u015bci i polityka bezpiecze\u0144stwa w zakresie przesy\u0142ania danych kart p\u0142atniczych - Fenix Cargo","isPartOf":{"@id":"https:\/\/fenixcargo.nl\/pl\/#website"},"datePublished":"2023-07-05T10:47:27+00:00","dateModified":"2025-10-10T12:37:48+00:00","breadcrumb":{"@id":"https:\/\/fenixcargo.nl\/pl\/polityka-bezpieczenstwa-i-przekazywania-danych-kart-platniczych\/#breadcrumb"},"inLanguage":"pl-PL","potentialAction":[{"@type":"ReadAction","target":["https:\/\/fenixcargo.nl\/pl\/polityka-bezpieczenstwa-i-przekazywania-danych-kart-platniczych\/"]}]},{"@type":"BreadcrumbList","@id":"https:\/\/fenixcargo.nl\/pl\/polityka-bezpieczenstwa-i-przekazywania-danych-kart-platniczych\/#breadcrumb","itemListElement":[{"@type":"ListItem","position":1,"name":"Home","item":"https:\/\/fenixcargo.nl\/pl\/"},{"@type":"ListItem","position":2,"name":"Mo\u017cliwo\u015bci i polityka bezpiecze\u0144stwa w zakresie przesy\u0142ania danych kart p\u0142atniczych"}]},{"@type":"WebSite","@id":"https:\/\/fenixcargo.nl\/pl\/#website","url":"https:\/\/fenixcargo.nl\/pl\/","name":"Fenix Cargo","description":"Your best cargo partner","publisher":{"@id":"https:\/\/fenixcargo.nl\/pl\/#organization"},"potentialAction":[{"@type":"SearchAction","target":{"@type":"EntryPoint","urlTemplate":"https:\/\/fenixcargo.nl\/pl\/?s={search_term_string}"},"query-input":{"@type":"PropertyValueSpecification","valueRequired":true,"valueName":"search_term_string"}}],"inLanguage":"pl-PL"},{"@type":"Organization","@id":"https:\/\/fenixcargo.nl\/pl\/#organization","name":"Fenix Cargo","url":"https:\/\/fenixcargo.nl\/pl\/","logo":{"@type":"ImageObject","inLanguage":"pl-PL","@id":"https:\/\/fenixcargo.nl\/pl\/#\/schema\/logo\/image\/","url":"https:\/\/fenixcargo.nl\/wp-content\/uploads\/2025\/10\/Baltas-2-1.svg","contentUrl":"https:\/\/fenixcargo.nl\/wp-content\/uploads\/2025\/10\/Baltas-2-1.svg","width":570,"height":120,"caption":"Fenix Cargo"},"image":{"@id":"https:\/\/fenixcargo.nl\/pl\/#\/schema\/logo\/image\/"}}]}},"_links":{"self":[{"href":"https:\/\/fenixcargo.nl\/pl\/wp-json\/wp\/v2\/pages\/3887","targetHints":{"allow":["GET"]}}],"collection":[{"href":"https:\/\/fenixcargo.nl\/pl\/wp-json\/wp\/v2\/pages"}],"about":[{"href":"https:\/\/fenixcargo.nl\/pl\/wp-json\/wp\/v2\/types\/page"}],"author":[{"embeddable":true,"href":"https:\/\/fenixcargo.nl\/pl\/wp-json\/wp\/v2\/users\/1"}],"replies":[{"embeddable":true,"href":"https:\/\/fenixcargo.nl\/pl\/wp-json\/wp\/v2\/comments?post=3887"}],"version-history":[{"count":7,"href":"https:\/\/fenixcargo.nl\/pl\/wp-json\/wp\/v2\/pages\/3887\/revisions"}],"predecessor-version":[{"id":6480,"href":"https:\/\/fenixcargo.nl\/pl\/wp-json\/wp\/v2\/pages\/3887\/revisions\/6480"}],"wp:attachment":[{"href":"https:\/\/fenixcargo.nl\/pl\/wp-json\/wp\/v2\/media?parent=3887"}],"curies":[{"name":"wp","href":"https:\/\/api.w.org\/{rel}","templated":true}]}}