{"id":3885,"date":"2023-07-05T10:47:14","date_gmt":"2023-07-05T10:47:14","guid":{"rendered":"https:\/\/fenixcargo.nl\/legal-or-export-restrictions\/"},"modified":"2025-10-10T12:37:48","modified_gmt":"2025-10-10T12:37:48","slug":"ograniczenia-prawne-lub-eksportowe","status":"publish","type":"page","link":"https:\/\/fenixcargo.nl\/pl\/ograniczenia-prawne-lub-eksportowe\/","title":{"rendered":"Ograniczenia prawne lub eksportowe"},"content":{"rendered":"\t\t<div data-elementor-type=\"wp-page\" data-elementor-id=\"3885\" class=\"elementor elementor-3885 elementor-2832\" data-elementor-post-type=\"page\">\n\t\t\t\t\t\t<section class=\"elementor-section elementor-top-section elementor-element elementor-element-502d3ed elementor-section-content-bottom elementor-section-boxed elementor-section-height-default elementor-section-height-default\" data-id=\"502d3ed\" data-element_type=\"section\" data-e-type=\"section\" data-settings=\"{&quot;background_background&quot;:&quot;classic&quot;}\">\n\t\t\t\t\t\t\t<div class=\"elementor-background-overlay\"><\/div>\n\t\t\t\t\t\t\t<div class=\"elementor-container elementor-column-gap-no\">\n\t\t\t\t\t<div class=\"elementor-column elementor-col-50 elementor-top-column elementor-element elementor-element-415e82b\" data-id=\"415e82b\" data-element_type=\"column\" data-e-type=\"column\">\n\t\t\t<div class=\"elementor-widget-wrap elementor-element-populated\">\n\t\t\t\t\t\t<div class=\"elementor-element elementor-element-ad59217 elementor-widget elementor-widget-heading\" data-id=\"ad59217\" data-element_type=\"widget\" data-e-type=\"widget\" data-widget_type=\"heading.default\">\n\t\t\t\t<div class=\"elementor-widget-container\">\n\t\t\t\t\t<h1 class=\"elementor-heading-title elementor-size-default\">Ograniczenia prawne lub eksportowe<\/h1>\t\t\t\t<\/div>\n\t\t\t\t<\/div>\n\t\t\t\t\t<\/div>\n\t\t<\/div>\n\t\t\t\t<div class=\"elementor-column elementor-col-50 elementor-top-column elementor-element elementor-element-4fd0f34\" data-id=\"4fd0f34\" data-element_type=\"column\" data-e-type=\"column\">\n\t\t\t<div class=\"elementor-widget-wrap elementor-element-populated\">\n\t\t\t\t\t\t<div class=\"elementor-element elementor-element-f143d42 elementor-widget elementor-widget-heading\" data-id=\"f143d42\" data-element_type=\"widget\" data-e-type=\"widget\" data-widget_type=\"heading.default\">\n\t\t\t\t<div class=\"elementor-widget-container\">\n\t\t\t\t\t<h6 class=\"elementor-heading-title elementor-size-default\">Potrzebujesz pomocy?<\/h6>\t\t\t\t<\/div>\n\t\t\t\t<\/div>\n\t\t\t\t<div class=\"elementor-element elementor-element-bbbb960 elementor-align-end elementor-mobile-align-start elementor-icon-list--layout-inline elementor-list-item-link-full_width elementor-widget elementor-widget-global elementor-global-2132 elementor-widget-icon-list\" data-id=\"bbbb960\" data-element_type=\"widget\" data-e-type=\"widget\" data-widget_type=\"icon-list.default\">\n\t\t\t\t<div class=\"elementor-widget-container\">\n\t\t\t\t\t\t\t<ul class=\"elementor-icon-list-items elementor-inline-items\">\n\t\t\t\t\t\t\t<li class=\"elementor-icon-list-item elementor-inline-item\">\n\t\t\t\t\t\t\t\t\t\t\t<a href=\"tel:+31639541291\">\n\n\t\t\t\t\t\t\t\t\t\t\t\t<span class=\"elementor-icon-list-icon\">\n\t\t\t\t\t\t\t<i aria-hidden=\"true\" class=\"fas fa-phone\"><\/i>\t\t\t\t\t\t<\/span>\n\t\t\t\t\t\t\t\t\t\t<span class=\"elementor-icon-list-text\">+31 639541291<\/span>\n\t\t\t\t\t\t\t\t\t\t\t<\/a>\n\t\t\t\t\t\t\t\t\t<\/li>\n\t\t\t\t\t\t\t\t<li class=\"elementor-icon-list-item elementor-inline-item\">\n\t\t\t\t\t\t\t\t\t\t\t<a href=\"mailto:info@fenixcargo.nl\">\n\n\t\t\t\t\t\t\t\t\t\t\t\t<span class=\"elementor-icon-list-icon\">\n\t\t\t\t\t\t\t<i aria-hidden=\"true\" class=\"fas fa-envelope\"><\/i>\t\t\t\t\t\t<\/span>\n\t\t\t\t\t\t\t\t\t\t<span class=\"elementor-icon-list-text\">info@fenixcargo.nl<\/span>\n\t\t\t\t\t\t\t\t\t\t\t<\/a>\n\t\t\t\t\t\t\t\t\t<\/li>\n\t\t\t\t\t\t<\/ul>\n\t\t\t\t\t\t<\/div>\n\t\t\t\t<\/div>\n\t\t\t\t\t<\/div>\n\t\t<\/div>\n\t\t\t\t\t<\/div>\n\t\t<\/section>\n\t\t\t\t<section class=\"elementor-section elementor-top-section elementor-element elementor-element-4a0234f elementor-section-boxed elementor-section-height-default elementor-section-height-default\" data-id=\"4a0234f\" data-element_type=\"section\" data-e-type=\"section\" data-settings=\"{&quot;background_background&quot;:&quot;classic&quot;}\">\n\t\t\t\t\t\t<div class=\"elementor-container elementor-column-gap-no\">\n\t\t\t\t\t<div class=\"elementor-column elementor-col-100 elementor-top-column elementor-element elementor-element-dc60a73\" data-id=\"dc60a73\" data-element_type=\"column\" data-e-type=\"column\">\n\t\t\t<div class=\"elementor-widget-wrap elementor-element-populated\">\n\t\t\t\t\t\t<div class=\"elementor-element elementor-element-c37618a elementor-widget elementor-widget-text-editor\" data-id=\"c37618a\" data-element_type=\"widget\" data-e-type=\"widget\" data-widget_type=\"text-editor.default\">\n\t\t\t\t<div class=\"elementor-widget-container\">\n\t\t\t\t\t\t\t\t\t<p><em>Ostatnia aktualizacja 10 pa\u017adziernika 2025 r.<\/em><\/p><p><strong>Import i eksport<\/strong><\/p><p>Kupuj\u0105cy jest odpowiedzialny za przestrzeganie procedur celnych dotycz\u0105cych importu i\/lub eksportu maj\u0105cych zastosowanie do zagranicznych pojazd\u00f3w. Mo\u017ce by\u0107 wymagana kontrola celna, op\u0142aty importowe, op\u0142aty eksportowe i dow\u00f3d zgodno\u015bci emisji. <\/p><p>Firma <strong>Fenix Cargo B.V.<\/strong> nie gwarantuje ani nie o\u015bwiadcza, \u017ce sprzedawane pojazdy mog\u0105 by\u0107 legalnie rejestrowane w dowolnym stanie lub kraju lub eksportowane do innego kraju. U\u017cytkownik akceptuje wszelkie ryzyko zwi\u0105zane z r\u00f3\u017cnicami w stanowych lub krajowych dokumentach sprzeda\u017cy i przepisach rejestracyjnych oraz mo\u017cliwo\u015b\u0107, \u017ce mog\u0105 one negatywnie wp\u0142yn\u0105\u0107 na zbywalno\u015b\u0107 pojazd\u00f3w zakupionych od firmy <strong>Fenix Cargo<\/strong> B.V. <\/p><p>Firma <strong>Fenix Cargo B.V.<\/strong> i jej podmioty stowarzyszone kontroluj\u0105 i obs\u0142uguj\u0105 t\u0119 Witryn\u0119 ze swojej siedziby w Hommerterweg 54, 6431EW Hoensbroek, Holandia i nie gwarantuj\u0105, \u017ce materia\u0142y s\u0105 odpowiednie lub b\u0119d\u0105 dost\u0119pne do u\u017cytku w innych lokalizacjach. O ile wyra\u017anie nie stwierdzono inaczej, wszystkie materia\u0142y marketingowe lub promocyjne znajduj\u0105ce si\u0119 na tej Stronie s\u0105 skierowane wy\u0142\u0105cznie do os\u00f3b fizycznych, sp\u00f3\u0142ek lub innych podmiot\u00f3w znajduj\u0105cych si\u0119 w Stanach Zjednoczonych. Je\u015bli u\u017cytkownik korzysta z niniejszej Witryny spoza Stan\u00f3w Zjednoczonych Ameryki, ponosi ca\u0142kowit\u0105 odpowiedzialno\u015b\u0107 za zgodno\u015b\u0107 z obowi\u0105zuj\u0105cymi przepisami lokalnymi, w tym mi\u0119dzy innymi z przepisami eksportowymi i importowymi.  <\/p><p><strong>Prawne<\/strong><\/p><p>Wszystkie pojazdy sprzedawane za po\u015brednictwem aukcji \/ zam\u00f3wie\u0144 niestandardowych \/ innych dostawc\u00f3w s\u0105 zgodne z ich w\u0142asnymi zasadami i warunkami. <strong>Fenix Cargo<\/strong><strong> B.V.<\/strong> nie gwarantuje warunk\u00f3w pojazdu ani jego przydatno\u015bci handlowej. Wszelkie konflikty i\/lub spory b\u0119d\u0105 rozstrzygane bezpo\u015brednio mi\u0119dzy sprzedaj\u0105cym a kupuj\u0105cym pojazd. <\/p><p>Niezale\u017cnie od jakichkolwiek przeciwnych postanowie\u0144 niniejszego dokumentu, firma <strong>Fenix Cargo<\/strong><strong> B.V.<\/strong> wyra\u017anie zrzeka si\u0119 dok\u0142adno\u015bci lub kompletno\u015bci wszelkich informacji dostarczanych Kupuj\u0105cym dotycz\u0105cych pojazd\u00f3w, niezale\u017cnie od tego, czy s\u0105 one dostarczane w formie pisemnej, ustnej czy cyfrowej (w tym, bez ogranicze\u0144, Raporty o Poje\u017adzie) (&#8222;Informacje o Poje\u017adzie&#8221;). Informacje o Poje\u017adzie dostarczane przez lub za po\u015brednictwem <g id=\"gid_2\">Fenix Cargo<\/g><g id=\"gid_3\"> B.V.<\/g>, VinAudit i\/lub powi\u0105zanych dealer\u00f3w maj\u0105 wy\u0142\u0105cznie charakter informacyjny. Kupuj\u0105cy nie powinni polega\u0107 na Informacjach o poje\u017adzie przy podejmowaniu decyzji o tym, czy lub ile licytowa\u0107 pojazd oferowany do sprzeda\u017cy przez firm\u0119 <strong>Fenix Cargo<\/strong><strong> B.V.<\/strong> Informacje o poje\u017adzie obejmuj\u0105 mi\u0119dzy innymi: rok, mark\u0119, model, wyko\u0144czenie, rozmiar silnika, rodzaj paliwa, cylindry, uk\u0142ad nap\u0119dowy, stan, rzeczywist\u0105 warto\u015b\u0107 samochodu (lub got\u00f3wki), kwot\u0119 uszkodzenia, rodzaj uszkodzenia, zakres uszkodzenia, w\u0142a\u015bciwo\u015bci jezdne, opcje i akcesoria, przebieg, informacje o stanie licznika kilometr\u00f3w, numer identyfikacyjny pojazdu (&#8222;VIN&#8221;), tytu\u0142 w\u0142asno\u015bci, status tytu\u0142u w\u0142asno\u015bci, og\u00f3lny status pojazdu, czy pojazd dzia\u0142a i je\u017adzi, czy silnik pojazdu uruchamia si\u0119 (ze skokiem lub bez), histori\u0119 napraw, histori\u0119 tytu\u0142u w\u0142asno\u015bci i histori\u0119 szk\u00f3d ca\u0142kowitych.  <\/p><p>Zdj\u0119cia pojazd\u00f3w udost\u0119pniane przez firm\u0119 <strong>Fenix<\/strong> <strong>Cargo<\/strong><strong> B<\/strong><strong>.<\/strong><strong> V<\/strong>. nie maj\u0105 na celu wyczerpuj\u0105cego przedstawienia aktualnego stanu pojazdu, a firma <strong>Fenix Cargo<\/strong><strong> B.V.<\/strong> nie udziela \u017cadnej gwarancji ani nie sk\u0142ada \u017cadnych o\u015bwiadcze\u0144 dotycz\u0105cych stanu pojazdu poprzez udost\u0119pnienie tych zdj\u0119\u0107.<\/p><p>Og\u00f3lne o\u015bwiadczenie dotycz\u0105ce lokalizacji uszkodze\u0144 pojazdu nie ma na celu uwzgl\u0119dnienia ani wyczerpania wszystkich uszkodze\u0144 pojazdu. Pojazd mo\u017ce mie\u0107 wi\u0119cej uszkodze\u0144, kt\u00f3re nie s\u0105 odzwierciedlone w sekcji uszkodze\u0144 ani na zdj\u0119ciach. Kupuj\u0105cy ponosi wy\u0142\u0105czn\u0105 odpowiedzialno\u015b\u0107 za ustalenie, potwierdzenie, zbadanie, sprawdzenie i\/lub zbadanie stanu pojazdu oraz wszelkich informacji z nim zwi\u0105zanych przed z\u0142o\u017ceniem oferty i\/lub zakupem pojazdu.  <\/p><p>NASZE US\u0141UGI S\u0104 DOST\u0118PNE WY\u0141\u0104CZNIE DLA OS\u00d3B, KT\u00d3RE MOG\u0104 ZAWIERA\u0106 PRAWNIE WI\u0104\u017b\u0104CE UMOWY ZGODNIE Z OBOWI\u0104ZUJ\u0104CYM PRAWEM I MOG\u0104 Z NICH KORZYSTA\u0106 WY\u0141\u0104CZNIE OSOBY, KT\u00d3RE MOG\u0104 ZAWIERA\u0106 PRAWNIE WI\u0104\u017b\u0104CE UMOWY ZGODNIE Z OBOWI\u0104ZUJ\u0104CYM PRAWEM. BEZ OGRANICZANIA POWY\u017bSZEGO, NASZE US\u0141UGI NIE S\u0104 DOST\u0118PNE DLA DZIECI (OS\u00d3B W WIEKU PONI\u017bEJ 18 LAT) ANI OS\u00d3B TYMCZASOWO LUB BEZWZGL\u0118DNIE ZAWIESZONYCH <strong>Fenix Cargo<\/strong><strong> B.V.<\/strong> ZAREJESTRUJ SI\u0118. <\/p><p>W przypadku dalszych pyta\u0144 lub uwag mo\u017cna skontaktowa\u0107 si\u0119 z nami pod adresem:<\/p><ul><li>Telefon: <a href=\"tel:+31639541291\">+31 6 3954 12 91<\/a><\/li><li>E-mail: <a href=\"mailto:info@fenixcargo.nl\">info@fenixcargo.nl<\/a><\/li><li>Formularz kontaktowy online: <a href=\"https:\/\/fenixcargo.nl\/pl\/firma\/kontakt\/\">https:\/\/fenixcargo.nl\/about\/contact\/<\/a><\/li><\/ul>\t\t\t\t\t\t\t\t<\/div>\n\t\t\t\t<\/div>\n\t\t\t\t\t<\/div>\n\t\t<\/div>\n\t\t\t\t\t<\/div>\n\t\t<\/section>\n\t\t\t\t<\/div>\n\t\t","protected":false},"excerpt":{"rendered":"<p>Ograniczenia prawne lub eksportowe Potrzebujesz pomocy? +31 639541291 info@fenixcargo.nl Ostatnia aktualizacja 10 pa\u017adziernika 2025 r. Import i eksport Kupuj\u0105cy jest odpowiedzialny za przestrzeganie procedur celnych dotycz\u0105cych importu i\/lub eksportu maj\u0105cych zastosowanie do zagranicznych pojazd\u00f3w. Mo\u017ce by\u0107 wymagana kontrola celna, op\u0142aty importowe, op\u0142aty eksportowe i dow\u00f3d zgodno\u015bci emisji. Firma Fenix Cargo B.V. nie gwarantuje ani nie [&hellip;]<\/p>\n","protected":false},"author":1,"featured_media":0,"parent":0,"menu_order":0,"comment_status":"closed","ping_status":"closed","template":"","meta":{"site-sidebar-layout":"no-sidebar","site-content-layout":"page-builder","ast-site-content-layout":"default","site-content-style":"default","site-sidebar-style":"default","ast-global-header-display":"","ast-banner-title-visibility":"","ast-main-header-display":"","ast-hfb-above-header-display":"","ast-hfb-below-header-display":"","ast-hfb-mobile-header-display":"","site-post-title":"disabled","ast-breadcrumbs-content":"","ast-featured-img":"disabled","footer-sml-layout":"","ast-disable-related-posts":"","theme-transparent-header-meta":"enabled","adv-header-id-meta":"","stick-header-meta":"default","header-above-stick-meta":"","header-main-stick-meta":"","header-below-stick-meta":"","astra-migrate-meta-layouts":"default","ast-page-background-enabled":"default","ast-page-background-meta":{"desktop":{"background-color":"","background-image":"","background-repeat":"repeat","background-position":"center center","background-size":"auto","background-attachment":"scroll","background-type":"","background-media":"","overlay-type":"","overlay-color":"","overlay-opacity":"","overlay-gradient":""},"tablet":{"background-color":"","background-image":"","background-repeat":"repeat","background-position":"center center","background-size":"auto","background-attachment":"scroll","background-type":"","background-media":"","overlay-type":"","overlay-color":"","overlay-opacity":"","overlay-gradient":""},"mobile":{"background-color":"","background-image":"","background-repeat":"repeat","background-position":"center center","background-size":"auto","background-attachment":"scroll","background-type":"","background-media":"","overlay-type":"","overlay-color":"","overlay-opacity":"","overlay-gradient":""}},"ast-content-background-meta":{"desktop":{"background-color":"var(--ast-global-color-5)","background-image":"","background-repeat":"repeat","background-position":"center center","background-size":"auto","background-attachment":"scroll","background-type":"","background-media":"","overlay-type":"","overlay-color":"","overlay-opacity":"","overlay-gradient":""},"tablet":{"background-color":"var(--ast-global-color-5)","background-image":"","background-repeat":"repeat","background-position":"center center","background-size":"auto","background-attachment":"scroll","background-type":"","background-media":"","overlay-type":"","overlay-color":"","overlay-opacity":"","overlay-gradient":""},"mobile":{"background-color":"var(--ast-global-color-5)","background-image":"","background-repeat":"repeat","background-position":"center center","background-size":"auto","background-attachment":"scroll","background-type":"","background-media":"","overlay-type":"","overlay-color":"","overlay-opacity":"","overlay-gradient":""}},"footnotes":""},"class_list":["post-3885","page","type-page","status-publish","hentry"],"yoast_head":"<!-- This site is optimized with the Yoast SEO plugin v27.4 - https:\/\/yoast.com\/product\/yoast-seo-wordpress\/ -->\n<title>Ograniczenia prawne lub eksportowe - Fenix Cargo<\/title>\n<meta name=\"robots\" content=\"index, follow, max-snippet:-1, max-image-preview:large, max-video-preview:-1\" \/>\n<link rel=\"canonical\" href=\"https:\/\/fenixcargo.nl\/pl\/ograniczenia-prawne-lub-eksportowe\/\" \/>\n<meta property=\"og:locale\" content=\"pl_PL\" \/>\n<meta property=\"og:type\" content=\"article\" \/>\n<meta property=\"og:title\" content=\"Ograniczenia prawne lub eksportowe - Fenix Cargo\" \/>\n<meta property=\"og:description\" content=\"Ograniczenia prawne lub eksportowe Potrzebujesz pomocy? +31 639541291 info@fenixcargo.nl Ostatnia aktualizacja 10 pa\u017adziernika 2025 r. Import i eksport Kupuj\u0105cy jest odpowiedzialny za przestrzeganie procedur celnych dotycz\u0105cych importu i\/lub eksportu maj\u0105cych zastosowanie do zagranicznych pojazd\u00f3w. Mo\u017ce by\u0107 wymagana kontrola celna, op\u0142aty importowe, op\u0142aty eksportowe i dow\u00f3d zgodno\u015bci emisji. Firma Fenix Cargo B.V. nie gwarantuje ani nie [&hellip;]\" \/>\n<meta property=\"og:url\" content=\"https:\/\/fenixcargo.nl\/pl\/ograniczenia-prawne-lub-eksportowe\/\" \/>\n<meta property=\"og:site_name\" content=\"Fenix Cargo\" \/>\n<meta property=\"article:modified_time\" content=\"2025-10-10T12:37:48+00:00\" \/>\n<meta name=\"twitter:card\" content=\"summary_large_image\" \/>\n<meta name=\"twitter:label1\" content=\"Szacowany czas czytania\" \/>\n\t<meta name=\"twitter:data1\" content=\"4 minuty\" \/>\n<script type=\"application\/ld+json\" class=\"yoast-schema-graph\">{\"@context\":\"https:\\\/\\\/schema.org\",\"@graph\":[{\"@type\":\"WebPage\",\"@id\":\"https:\\\/\\\/fenixcargo.nl\\\/pl\\\/ograniczenia-prawne-lub-eksportowe\\\/\",\"url\":\"https:\\\/\\\/fenixcargo.nl\\\/pl\\\/ograniczenia-prawne-lub-eksportowe\\\/\",\"name\":\"Ograniczenia prawne lub eksportowe - Fenix Cargo\",\"isPartOf\":{\"@id\":\"https:\\\/\\\/fenixcargo.nl\\\/pl\\\/#website\"},\"datePublished\":\"2023-07-05T10:47:14+00:00\",\"dateModified\":\"2025-10-10T12:37:48+00:00\",\"breadcrumb\":{\"@id\":\"https:\\\/\\\/fenixcargo.nl\\\/pl\\\/ograniczenia-prawne-lub-eksportowe\\\/#breadcrumb\"},\"inLanguage\":\"pl-PL\",\"potentialAction\":[{\"@type\":\"ReadAction\",\"target\":[\"https:\\\/\\\/fenixcargo.nl\\\/pl\\\/ograniczenia-prawne-lub-eksportowe\\\/\"]}]},{\"@type\":\"BreadcrumbList\",\"@id\":\"https:\\\/\\\/fenixcargo.nl\\\/pl\\\/ograniczenia-prawne-lub-eksportowe\\\/#breadcrumb\",\"itemListElement\":[{\"@type\":\"ListItem\",\"position\":1,\"name\":\"Home\",\"item\":\"https:\\\/\\\/fenixcargo.nl\\\/pl\\\/\"},{\"@type\":\"ListItem\",\"position\":2,\"name\":\"Ograniczenia prawne lub eksportowe\"}]},{\"@type\":\"WebSite\",\"@id\":\"https:\\\/\\\/fenixcargo.nl\\\/pl\\\/#website\",\"url\":\"https:\\\/\\\/fenixcargo.nl\\\/pl\\\/\",\"name\":\"Fenix Cargo\",\"description\":\"Your best cargo partner\",\"publisher\":{\"@id\":\"https:\\\/\\\/fenixcargo.nl\\\/pl\\\/#organization\"},\"potentialAction\":[{\"@type\":\"SearchAction\",\"target\":{\"@type\":\"EntryPoint\",\"urlTemplate\":\"https:\\\/\\\/fenixcargo.nl\\\/pl\\\/?s={search_term_string}\"},\"query-input\":{\"@type\":\"PropertyValueSpecification\",\"valueRequired\":true,\"valueName\":\"search_term_string\"}}],\"inLanguage\":\"pl-PL\"},{\"@type\":\"Organization\",\"@id\":\"https:\\\/\\\/fenixcargo.nl\\\/pl\\\/#organization\",\"name\":\"Fenix Cargo\",\"url\":\"https:\\\/\\\/fenixcargo.nl\\\/pl\\\/\",\"logo\":{\"@type\":\"ImageObject\",\"inLanguage\":\"pl-PL\",\"@id\":\"https:\\\/\\\/fenixcargo.nl\\\/pl\\\/#\\\/schema\\\/logo\\\/image\\\/\",\"url\":\"https:\\\/\\\/fenixcargo.nl\\\/wp-content\\\/uploads\\\/2025\\\/10\\\/Baltas-2-1.svg\",\"contentUrl\":\"https:\\\/\\\/fenixcargo.nl\\\/wp-content\\\/uploads\\\/2025\\\/10\\\/Baltas-2-1.svg\",\"width\":570,\"height\":120,\"caption\":\"Fenix Cargo\"},\"image\":{\"@id\":\"https:\\\/\\\/fenixcargo.nl\\\/pl\\\/#\\\/schema\\\/logo\\\/image\\\/\"}}]}<\/script>\n<!-- \/ Yoast SEO plugin. -->","yoast_head_json":{"title":"Ograniczenia prawne lub eksportowe - Fenix Cargo","robots":{"index":"index","follow":"follow","max-snippet":"max-snippet:-1","max-image-preview":"max-image-preview:large","max-video-preview":"max-video-preview:-1"},"canonical":"https:\/\/fenixcargo.nl\/pl\/ograniczenia-prawne-lub-eksportowe\/","og_locale":"pl_PL","og_type":"article","og_title":"Ograniczenia prawne lub eksportowe - Fenix Cargo","og_description":"Ograniczenia prawne lub eksportowe Potrzebujesz pomocy? +31 639541291 info@fenixcargo.nl Ostatnia aktualizacja 10 pa\u017adziernika 2025 r. Import i eksport Kupuj\u0105cy jest odpowiedzialny za przestrzeganie procedur celnych dotycz\u0105cych importu i\/lub eksportu maj\u0105cych zastosowanie do zagranicznych pojazd\u00f3w. Mo\u017ce by\u0107 wymagana kontrola celna, op\u0142aty importowe, op\u0142aty eksportowe i dow\u00f3d zgodno\u015bci emisji. Firma Fenix Cargo B.V. nie gwarantuje ani nie [&hellip;]","og_url":"https:\/\/fenixcargo.nl\/pl\/ograniczenia-prawne-lub-eksportowe\/","og_site_name":"Fenix Cargo","article_modified_time":"2025-10-10T12:37:48+00:00","twitter_card":"summary_large_image","twitter_misc":{"Szacowany czas czytania":"4 minuty"},"schema":{"@context":"https:\/\/schema.org","@graph":[{"@type":"WebPage","@id":"https:\/\/fenixcargo.nl\/pl\/ograniczenia-prawne-lub-eksportowe\/","url":"https:\/\/fenixcargo.nl\/pl\/ograniczenia-prawne-lub-eksportowe\/","name":"Ograniczenia prawne lub eksportowe - Fenix Cargo","isPartOf":{"@id":"https:\/\/fenixcargo.nl\/pl\/#website"},"datePublished":"2023-07-05T10:47:14+00:00","dateModified":"2025-10-10T12:37:48+00:00","breadcrumb":{"@id":"https:\/\/fenixcargo.nl\/pl\/ograniczenia-prawne-lub-eksportowe\/#breadcrumb"},"inLanguage":"pl-PL","potentialAction":[{"@type":"ReadAction","target":["https:\/\/fenixcargo.nl\/pl\/ograniczenia-prawne-lub-eksportowe\/"]}]},{"@type":"BreadcrumbList","@id":"https:\/\/fenixcargo.nl\/pl\/ograniczenia-prawne-lub-eksportowe\/#breadcrumb","itemListElement":[{"@type":"ListItem","position":1,"name":"Home","item":"https:\/\/fenixcargo.nl\/pl\/"},{"@type":"ListItem","position":2,"name":"Ograniczenia prawne lub eksportowe"}]},{"@type":"WebSite","@id":"https:\/\/fenixcargo.nl\/pl\/#website","url":"https:\/\/fenixcargo.nl\/pl\/","name":"Fenix Cargo","description":"Your best cargo partner","publisher":{"@id":"https:\/\/fenixcargo.nl\/pl\/#organization"},"potentialAction":[{"@type":"SearchAction","target":{"@type":"EntryPoint","urlTemplate":"https:\/\/fenixcargo.nl\/pl\/?s={search_term_string}"},"query-input":{"@type":"PropertyValueSpecification","valueRequired":true,"valueName":"search_term_string"}}],"inLanguage":"pl-PL"},{"@type":"Organization","@id":"https:\/\/fenixcargo.nl\/pl\/#organization","name":"Fenix Cargo","url":"https:\/\/fenixcargo.nl\/pl\/","logo":{"@type":"ImageObject","inLanguage":"pl-PL","@id":"https:\/\/fenixcargo.nl\/pl\/#\/schema\/logo\/image\/","url":"https:\/\/fenixcargo.nl\/wp-content\/uploads\/2025\/10\/Baltas-2-1.svg","contentUrl":"https:\/\/fenixcargo.nl\/wp-content\/uploads\/2025\/10\/Baltas-2-1.svg","width":570,"height":120,"caption":"Fenix Cargo"},"image":{"@id":"https:\/\/fenixcargo.nl\/pl\/#\/schema\/logo\/image\/"}}]}},"_links":{"self":[{"href":"https:\/\/fenixcargo.nl\/pl\/wp-json\/wp\/v2\/pages\/3885","targetHints":{"allow":["GET"]}}],"collection":[{"href":"https:\/\/fenixcargo.nl\/pl\/wp-json\/wp\/v2\/pages"}],"about":[{"href":"https:\/\/fenixcargo.nl\/pl\/wp-json\/wp\/v2\/types\/page"}],"author":[{"embeddable":true,"href":"https:\/\/fenixcargo.nl\/pl\/wp-json\/wp\/v2\/users\/1"}],"replies":[{"embeddable":true,"href":"https:\/\/fenixcargo.nl\/pl\/wp-json\/wp\/v2\/comments?post=3885"}],"version-history":[{"count":6,"href":"https:\/\/fenixcargo.nl\/pl\/wp-json\/wp\/v2\/pages\/3885\/revisions"}],"predecessor-version":[{"id":6476,"href":"https:\/\/fenixcargo.nl\/pl\/wp-json\/wp\/v2\/pages\/3885\/revisions\/6476"}],"wp:attachment":[{"href":"https:\/\/fenixcargo.nl\/pl\/wp-json\/wp\/v2\/media?parent=3885"}],"curies":[{"name":"wp","href":"https:\/\/api.w.org\/{rel}","templated":true}]}}