{"id":3883,"date":"2023-06-18T16:26:44","date_gmt":"2023-06-18T16:26:44","guid":{"rendered":"https:\/\/fenixcargo.nl\/privacy-policy\/"},"modified":"2025-10-10T12:37:42","modified_gmt":"2025-10-10T12:37:42","slug":"polityka-prywatnosci","status":"publish","type":"page","link":"https:\/\/fenixcargo.nl\/pl\/polityka-prywatnosci\/","title":{"rendered":"Polityka prywatno\u015bci"},"content":{"rendered":"\t\t<div data-elementor-type=\"wp-page\" data-elementor-id=\"3883\" class=\"elementor elementor-3883 elementor-1770\" data-elementor-post-type=\"page\">\n\t\t\t\t\t\t<section class=\"elementor-section elementor-top-section elementor-element elementor-element-7b2bb00 elementor-section-content-bottom elementor-section-boxed elementor-section-height-default elementor-section-height-default\" data-id=\"7b2bb00\" data-element_type=\"section\" data-e-type=\"section\" data-settings=\"{&quot;background_background&quot;:&quot;classic&quot;}\">\n\t\t\t\t\t\t\t<div class=\"elementor-background-overlay\"><\/div>\n\t\t\t\t\t\t\t<div class=\"elementor-container elementor-column-gap-no\">\n\t\t\t\t\t<div class=\"elementor-column elementor-col-50 elementor-top-column elementor-element elementor-element-3462822\" data-id=\"3462822\" data-element_type=\"column\" data-e-type=\"column\">\n\t\t\t<div class=\"elementor-widget-wrap elementor-element-populated\">\n\t\t\t\t\t\t<div class=\"elementor-element elementor-element-0adfa88 elementor-widget elementor-widget-heading\" data-id=\"0adfa88\" data-element_type=\"widget\" data-e-type=\"widget\" data-widget_type=\"heading.default\">\n\t\t\t\t<div class=\"elementor-widget-container\">\n\t\t\t\t\t<h1 class=\"elementor-heading-title elementor-size-default\">Polityka prywatno\u015bci<\/h1>\t\t\t\t<\/div>\n\t\t\t\t<\/div>\n\t\t\t\t\t<\/div>\n\t\t<\/div>\n\t\t\t\t<div class=\"elementor-column elementor-col-50 elementor-top-column elementor-element elementor-element-61512eb\" data-id=\"61512eb\" data-element_type=\"column\" data-e-type=\"column\">\n\t\t\t<div class=\"elementor-widget-wrap elementor-element-populated\">\n\t\t\t\t\t\t<div class=\"elementor-element elementor-element-2f154a8 elementor-widget elementor-widget-heading\" data-id=\"2f154a8\" data-element_type=\"widget\" data-e-type=\"widget\" data-widget_type=\"heading.default\">\n\t\t\t\t<div class=\"elementor-widget-container\">\n\t\t\t\t\t<h6 class=\"elementor-heading-title elementor-size-default\">Potrzebujesz pomocy?<\/h6>\t\t\t\t<\/div>\n\t\t\t\t<\/div>\n\t\t\t\t<div class=\"elementor-element elementor-element-8530829 elementor-align-end elementor-mobile-align-start elementor-icon-list--layout-inline elementor-list-item-link-full_width elementor-widget elementor-widget-global elementor-global-2132 elementor-widget-icon-list\" data-id=\"8530829\" data-element_type=\"widget\" data-e-type=\"widget\" data-widget_type=\"icon-list.default\">\n\t\t\t\t<div class=\"elementor-widget-container\">\n\t\t\t\t\t\t\t<ul class=\"elementor-icon-list-items elementor-inline-items\">\n\t\t\t\t\t\t\t<li class=\"elementor-icon-list-item elementor-inline-item\">\n\t\t\t\t\t\t\t\t\t\t\t<a href=\"tel:+31639541291\">\n\n\t\t\t\t\t\t\t\t\t\t\t\t<span class=\"elementor-icon-list-icon\">\n\t\t\t\t\t\t\t<i aria-hidden=\"true\" class=\"fas fa-phone\"><\/i>\t\t\t\t\t\t<\/span>\n\t\t\t\t\t\t\t\t\t\t<span class=\"elementor-icon-list-text\">+31 639541291<\/span>\n\t\t\t\t\t\t\t\t\t\t\t<\/a>\n\t\t\t\t\t\t\t\t\t<\/li>\n\t\t\t\t\t\t\t\t<li class=\"elementor-icon-list-item elementor-inline-item\">\n\t\t\t\t\t\t\t\t\t\t\t<a href=\"mailto:info@fenixcargo.nl\">\n\n\t\t\t\t\t\t\t\t\t\t\t\t<span class=\"elementor-icon-list-icon\">\n\t\t\t\t\t\t\t<i aria-hidden=\"true\" class=\"fas fa-envelope\"><\/i>\t\t\t\t\t\t<\/span>\n\t\t\t\t\t\t\t\t\t\t<span class=\"elementor-icon-list-text\">info@fenixcargo.nl<\/span>\n\t\t\t\t\t\t\t\t\t\t\t<\/a>\n\t\t\t\t\t\t\t\t\t<\/li>\n\t\t\t\t\t\t<\/ul>\n\t\t\t\t\t\t<\/div>\n\t\t\t\t<\/div>\n\t\t\t\t\t<\/div>\n\t\t<\/div>\n\t\t\t\t\t<\/div>\n\t\t<\/section>\n\t\t\t\t<section class=\"elementor-section elementor-top-section elementor-element elementor-element-a846c9e elementor-section-boxed elementor-section-height-default elementor-section-height-default\" data-id=\"a846c9e\" data-element_type=\"section\" data-e-type=\"section\" data-settings=\"{&quot;background_background&quot;:&quot;classic&quot;}\">\n\t\t\t\t\t\t<div class=\"elementor-container elementor-column-gap-no\">\n\t\t\t\t\t<div class=\"elementor-column elementor-col-100 elementor-top-column elementor-element elementor-element-2f6a818\" data-id=\"2f6a818\" data-element_type=\"column\" data-e-type=\"column\">\n\t\t\t<div class=\"elementor-widget-wrap elementor-element-populated\">\n\t\t\t\t\t\t<div class=\"elementor-element elementor-element-3a5d334 elementor-widget elementor-widget-text-editor\" data-id=\"3a5d334\" data-element_type=\"widget\" data-e-type=\"widget\" data-widget_type=\"text-editor.default\">\n\t\t\t\t<div class=\"elementor-widget-container\">\n\t\t\t\t\t\t\t\t\t<p><em>Ostatnia aktualizacja 10 pa\u017adziernika 2025 r.<\/em><\/p><p><strong>Fenix Cargo B.V.<\/strong>, strona internetowa nale\u017c\u0105ca do firmy https:\/\/fenixcargo.nl\/ gromadzi dane osobowe u\u017cytkownik\u00f3w i zarz\u0105dza nimi.<\/p><p>Niniejsza Polityka prywatno\u015bci wyja\u015bnia, w jaki spos\u00f3b https:\/\/fenixcargo.nl\/ wykorzystuje dane osobowe u\u017cytkownik\u00f3w i podaje powody ich gromadzenia. Dlatego prosimy o zapoznanie si\u0119 z tym dokumentem przed odwiedzeniem strony https:\/\/fenixcargo.nl\/. <\/p><p>Zapewniamy bezpiecze\u0144stwo i poufno\u015b\u0107 danych osobowych u\u017cytkownik\u00f3w.<\/p><p><strong>Gromadzone przez nas dane osobowe:<\/strong><br>Podczas przegl\u0105dania strony https:\/\/fenixcargo.nl\/ automatycznie zbieramy pewne informacje o Twoim urz\u0105dzeniu &#8211; przegl\u0105darce, adresie IP, strefie czasowej i plikach cookie na Twoim urz\u0105dzeniu. Zbieramy r\u00f3wnie\u017c statystyki dotycz\u0105ce przegl\u0105dania witryny przez u\u017cytkownika: odwiedzane strony, przegl\u0105dane produkty i inne informacje dotycz\u0105ce przegl\u0105dania witryny przez u\u017cytkownika. Te automatycznie gromadzone informacje nazywamy &#8222;informacjami o urz\u0105dzeniu&#8221;. Gromadzimy r\u00f3wnie\u017c dane osobowe, kt\u00f3re nam przekazujesz (imi\u0119 i nazwisko, adres e-mail i telefon), gdy przesy\u0142asz formularz na naszej stronie internetowej.   <\/p><p><strong>Dlaczego gromadzimy dane u\u017cytkownik\u00f3w?<\/strong><br>Bezpiecze\u0144stwo Twoich danych jest dla nas niezwykle wa\u017cne, dlatego gromadzimy i zarz\u0105dzamy tylko najbardziej niezb\u0119dnymi danymi osobowymi, bez kt\u00f3rych nie byliby\u015bmy w stanie zapewni\u0107 sprawnego dzia\u0142ania strony internetowej. Automatycznie gromadzone dane s\u0105 wykorzystywane w analityce internetowej. Zapewniamy jednak, \u017ce nie jest mo\u017cliwe zidentyfikowanie konkretnych u\u017cytkownik\u00f3w w informacjach statystycznych.  <\/p><p>Mo\u017cesz odwiedza\u0107 nasz\u0105 stron\u0119 internetow\u0105 bez podawania jakichkolwiek danych osobowych. Je\u015bli jednak chcesz korzysta\u0107 z funkcji naszej strony internetowej, chcesz otrzymywa\u0107 nasz biuletyn lub wype\u0142ni\u0107 nasz formularz kontaktowy, mo\u017cesz przekaza\u0107 nam swoje dane osobowe w nast\u0119puj\u0105cy spos\u00f3b: adres e-mail, adres pocztowy, imi\u0119, nazwisko, informacje o miejscu zamieszkania, numer telefonu. U\u017cytkownik ma mo\u017cliwo\u015b\u0107 nieprzekazywania nam swoich danych osobowych, ale w takim przypadku nie b\u0119dzie m\u00f3g\u0142 korzysta\u0107 z wi\u0119kszo\u015bci funkcji oferowanych przez witryn\u0119. Osoby odwiedzaj\u0105ce witryn\u0119, kt\u00f3re nie wiedz\u0105, jakie informacje musimy gromadzi\u0107, mog\u0105 skontaktowa\u0107 si\u0119 z nami za po\u015brednictwem poczty elektronicznej. poczt\u0105 info@fenixcargo.nl.    <\/p><p><strong>Twoje prawa:<\/strong><br>Je\u015bli jeste\u015b mieszka\u0144cem Europy, przys\u0142uguj\u0105 Ci r\u00f3\u017cne prawa zwi\u0105zane z ochron\u0105 Twoich danych osobowych:<\/p><ul><li>Prawo do informacji.<\/li><li>Prawo dost\u0119pu do przetwarzanych przez nas informacji.<\/li><li>Prawo do poprawienia niedok\u0142adnych lub nieprawid\u0142owych informacji o u\u017cytkowniku.<\/li><li>Prawo do usuni\u0119cia wszystkich danych dotycz\u0105cych u\u017cytkownika.<\/li><li>Prawo do ograniczenia przetwarzania danych.<\/li><li>Prawo do przeniesienia wszystkich zebranych danych u\u017cytkownika do innego administratora.<\/li><li>Prawo do sprzeciwu wobec przetwarzania danych osobowych.<br>Prawa zwi\u0105zane z automatycznym zarz\u0105dzaniem danymi.<\/li><li>Je\u015bli chcesz uzyska\u0107 wi\u0119cej informacji, skontaktuj si\u0119 z nami, korzystaj\u0105c z poni\u017cszych danych kontaktowych.<\/li><\/ul><p>Nale\u017cy pami\u0119ta\u0107, \u017ce zarz\u0105dzamy danymi osobowymi mieszka\u0144c\u00f3w Europy w celu realizacji zam\u00f3wie\u0144 lub innych cel\u00f3w wymienionych na pocz\u0105tku dokumentu. Nale\u017cy pami\u0119ta\u0107, \u017ce dane u\u017cytkownika mog\u0105 by\u0107 przekazywane poza Europ\u0119 (na przyk\u0142ad do Kanady lub USA). <\/p><p><strong>\u0141\u0105cza do innych stron internetowych:<\/strong><br>Nasza strona internetowa mo\u017ce zawiera\u0107 \u0142\u0105cza do innych stron internetowych, kt\u00f3rych nie kontrolujemy. Nale\u017cy pami\u0119ta\u0107, \u017ce nie ponosimy odpowiedzialno\u015bci za procesy gromadzenia danych osobowych przez inne witryny internetowe lub strony trzecie. Po opuszczeniu naszej witryny zalecamy zapoznanie si\u0119 z polityk\u0105 prywatno\u015bci stron internetowych os\u00f3b trzecich.  <\/p><p><strong>Ochrona danych:<\/strong><br>Aby chroni\u0107 dane osobowe u\u017cytkownik\u00f3w, korzystamy z najwy\u017cszej jako\u015bci serwer\u00f3w, do kt\u00f3rych dost\u0119p maj\u0105 wy\u0142\u0105cznie upowa\u017cnione osoby. Regularnie monitorujemy nasze systemy, aby ustali\u0107, czy istniej\u0105 jakiekolwiek luki w zabezpieczeniach lub cyberataki, kt\u00f3re mog\u0142yby zagrozi\u0107 danym osobowym u\u017cytkownika. Niemniej jednak nie gwarantujemy ca\u0142kowitego bezpiecze\u0144stwa danych osobowych u\u017cytkownika.  <\/p><p><strong>Ujawnienie danych:<\/strong><br>Zastrzegamy sobie prawo do ujawnienia danych osobowych u\u017cytkownika zgodnie z procedur\u0105 przewidzian\u0105 przez prawo, je\u015bli jest to konieczne do obrony naszych praw, bezpiecze\u0144stwa nas samych i os\u00f3b wok\u00f3\u0142 nas, w celu zbadania przest\u0119pstwa lub w odpowiedzi na \u017c\u0105danie rz\u0105du dotycz\u0105ce ujawnienia danych osobowych u\u017cytkownika.<\/p><p><strong>Informacje kontaktowe:<\/strong><br>Je\u015bli chcesz uzyska\u0107 wi\u0119cej informacji na temat niniejszej polityki prywatno\u015bci lub swoich danych osobowych, skontaktuj si\u0119 z nami za po\u015brednictwem poczty elektronicznej <a href=\"mailto:info@fenixcargo.nl\">info@fenixcargo.nl.<\/a><\/p>\t\t\t\t\t\t\t\t<\/div>\n\t\t\t\t<\/div>\n\t\t\t\t\t<\/div>\n\t\t<\/div>\n\t\t\t\t\t<\/div>\n\t\t<\/section>\n\t\t\t\t<\/div>\n\t\t","protected":false},"excerpt":{"rendered":"<p>Polityka prywatno\u015bci Potrzebujesz pomocy? +31 639541291 info@fenixcargo.nl Ostatnia aktualizacja 10 pa\u017adziernika 2025 r. Fenix Cargo B.V., strona internetowa nale\u017c\u0105ca do firmy https:\/\/fenixcargo.nl\/ gromadzi dane osobowe u\u017cytkownik\u00f3w i zarz\u0105dza nimi. Niniejsza Polityka prywatno\u015bci wyja\u015bnia, w jaki spos\u00f3b https:\/\/fenixcargo.nl\/ wykorzystuje dane osobowe u\u017cytkownik\u00f3w i podaje powody ich gromadzenia. Dlatego prosimy o zapoznanie si\u0119 z tym dokumentem przed [&hellip;]<\/p>\n","protected":false},"author":1,"featured_media":0,"parent":0,"menu_order":0,"comment_status":"closed","ping_status":"closed","template":"elementor_header_footer","meta":{"site-sidebar-layout":"no-sidebar","site-content-layout":"page-builder","ast-site-content-layout":"default","site-content-style":"default","site-sidebar-style":"default","ast-global-header-display":"","ast-banner-title-visibility":"","ast-main-header-display":"","ast-hfb-above-header-display":"","ast-hfb-below-header-display":"","ast-hfb-mobile-header-display":"","site-post-title":"disabled","ast-breadcrumbs-content":"","ast-featured-img":"disabled","footer-sml-layout":"","ast-disable-related-posts":"","theme-transparent-header-meta":"enabled","adv-header-id-meta":"","stick-header-meta":"","header-above-stick-meta":"","header-main-stick-meta":"","header-below-stick-meta":"","astra-migrate-meta-layouts":"default","ast-page-background-enabled":"default","ast-page-background-meta":{"desktop":{"background-color":"","background-image":"","background-repeat":"repeat","background-position":"center center","background-size":"auto","background-attachment":"scroll","background-type":"","background-media":"","overlay-type":"","overlay-color":"","overlay-opacity":"","overlay-gradient":""},"tablet":{"background-color":"","background-image":"","background-repeat":"repeat","background-position":"center center","background-size":"auto","background-attachment":"scroll","background-type":"","background-media":"","overlay-type":"","overlay-color":"","overlay-opacity":"","overlay-gradient":""},"mobile":{"background-color":"","background-image":"","background-repeat":"repeat","background-position":"center center","background-size":"auto","background-attachment":"scroll","background-type":"","background-media":"","overlay-type":"","overlay-color":"","overlay-opacity":"","overlay-gradient":""}},"ast-content-background-meta":{"desktop":{"background-color":"var(--ast-global-color-5)","background-image":"","background-repeat":"repeat","background-position":"center center","background-size":"auto","background-attachment":"scroll","background-type":"","background-media":"","overlay-type":"","overlay-color":"","overlay-opacity":"","overlay-gradient":""},"tablet":{"background-color":"var(--ast-global-color-5)","background-image":"","background-repeat":"repeat","background-position":"center center","background-size":"auto","background-attachment":"scroll","background-type":"","background-media":"","overlay-type":"","overlay-color":"","overlay-opacity":"","overlay-gradient":""},"mobile":{"background-color":"var(--ast-global-color-5)","background-image":"","background-repeat":"repeat","background-position":"center center","background-size":"auto","background-attachment":"scroll","background-type":"","background-media":"","overlay-type":"","overlay-color":"","overlay-opacity":"","overlay-gradient":""}},"footnotes":""},"class_list":["post-3883","page","type-page","status-publish","hentry"],"yoast_head":"<!-- This site is optimized with the Yoast SEO plugin v27.4 - https:\/\/yoast.com\/product\/yoast-seo-wordpress\/ -->\n<title>Polityka prywatno\u015bci - Fenix Cargo<\/title>\n<meta name=\"robots\" content=\"index, follow, max-snippet:-1, max-image-preview:large, max-video-preview:-1\" \/>\n<link rel=\"canonical\" href=\"https:\/\/fenixcargo.nl\/pl\/polityka-prywatnosci\/\" \/>\n<meta property=\"og:locale\" content=\"pl_PL\" \/>\n<meta property=\"og:type\" content=\"article\" \/>\n<meta property=\"og:title\" content=\"Polityka prywatno\u015bci - Fenix Cargo\" \/>\n<meta property=\"og:description\" content=\"Polityka prywatno\u015bci Potrzebujesz pomocy? +31 639541291 info@fenixcargo.nl Ostatnia aktualizacja 10 pa\u017adziernika 2025 r. Fenix Cargo B.V., strona internetowa nale\u017c\u0105ca do firmy https:\/\/fenixcargo.nl\/ gromadzi dane osobowe u\u017cytkownik\u00f3w i zarz\u0105dza nimi. Niniejsza Polityka prywatno\u015bci wyja\u015bnia, w jaki spos\u00f3b https:\/\/fenixcargo.nl\/ wykorzystuje dane osobowe u\u017cytkownik\u00f3w i podaje powody ich gromadzenia. Dlatego prosimy o zapoznanie si\u0119 z tym dokumentem przed [&hellip;]\" \/>\n<meta property=\"og:url\" content=\"https:\/\/fenixcargo.nl\/pl\/polityka-prywatnosci\/\" \/>\n<meta property=\"og:site_name\" content=\"Fenix Cargo\" \/>\n<meta property=\"article:modified_time\" content=\"2025-10-10T12:37:42+00:00\" \/>\n<meta name=\"twitter:card\" content=\"summary_large_image\" \/>\n<meta name=\"twitter:label1\" content=\"Szacowany czas czytania\" \/>\n\t<meta name=\"twitter:data1\" content=\"3 minuty\" \/>\n<script type=\"application\/ld+json\" class=\"yoast-schema-graph\">{\"@context\":\"https:\\\/\\\/schema.org\",\"@graph\":[{\"@type\":\"WebPage\",\"@id\":\"https:\\\/\\\/fenixcargo.nl\\\/pl\\\/polityka-prywatnosci\\\/\",\"url\":\"https:\\\/\\\/fenixcargo.nl\\\/pl\\\/polityka-prywatnosci\\\/\",\"name\":\"Polityka prywatno\u015bci - Fenix Cargo\",\"isPartOf\":{\"@id\":\"https:\\\/\\\/fenixcargo.nl\\\/pl\\\/#website\"},\"datePublished\":\"2023-06-18T16:26:44+00:00\",\"dateModified\":\"2025-10-10T12:37:42+00:00\",\"breadcrumb\":{\"@id\":\"https:\\\/\\\/fenixcargo.nl\\\/pl\\\/polityka-prywatnosci\\\/#breadcrumb\"},\"inLanguage\":\"pl-PL\",\"potentialAction\":[{\"@type\":\"ReadAction\",\"target\":[\"https:\\\/\\\/fenixcargo.nl\\\/pl\\\/polityka-prywatnosci\\\/\"]}]},{\"@type\":\"BreadcrumbList\",\"@id\":\"https:\\\/\\\/fenixcargo.nl\\\/pl\\\/polityka-prywatnosci\\\/#breadcrumb\",\"itemListElement\":[{\"@type\":\"ListItem\",\"position\":1,\"name\":\"Home\",\"item\":\"https:\\\/\\\/fenixcargo.nl\\\/pl\\\/\"},{\"@type\":\"ListItem\",\"position\":2,\"name\":\"Polityka prywatno\u015bci\"}]},{\"@type\":\"WebSite\",\"@id\":\"https:\\\/\\\/fenixcargo.nl\\\/pl\\\/#website\",\"url\":\"https:\\\/\\\/fenixcargo.nl\\\/pl\\\/\",\"name\":\"Fenix Cargo\",\"description\":\"Your best cargo partner\",\"publisher\":{\"@id\":\"https:\\\/\\\/fenixcargo.nl\\\/pl\\\/#organization\"},\"potentialAction\":[{\"@type\":\"SearchAction\",\"target\":{\"@type\":\"EntryPoint\",\"urlTemplate\":\"https:\\\/\\\/fenixcargo.nl\\\/pl\\\/?s={search_term_string}\"},\"query-input\":{\"@type\":\"PropertyValueSpecification\",\"valueRequired\":true,\"valueName\":\"search_term_string\"}}],\"inLanguage\":\"pl-PL\"},{\"@type\":\"Organization\",\"@id\":\"https:\\\/\\\/fenixcargo.nl\\\/pl\\\/#organization\",\"name\":\"Fenix Cargo\",\"url\":\"https:\\\/\\\/fenixcargo.nl\\\/pl\\\/\",\"logo\":{\"@type\":\"ImageObject\",\"inLanguage\":\"pl-PL\",\"@id\":\"https:\\\/\\\/fenixcargo.nl\\\/pl\\\/#\\\/schema\\\/logo\\\/image\\\/\",\"url\":\"https:\\\/\\\/fenixcargo.nl\\\/wp-content\\\/uploads\\\/2025\\\/10\\\/Baltas-2-1.svg\",\"contentUrl\":\"https:\\\/\\\/fenixcargo.nl\\\/wp-content\\\/uploads\\\/2025\\\/10\\\/Baltas-2-1.svg\",\"width\":570,\"height\":120,\"caption\":\"Fenix Cargo\"},\"image\":{\"@id\":\"https:\\\/\\\/fenixcargo.nl\\\/pl\\\/#\\\/schema\\\/logo\\\/image\\\/\"}}]}<\/script>\n<!-- \/ Yoast SEO plugin. -->","yoast_head_json":{"title":"Polityka prywatno\u015bci - Fenix Cargo","robots":{"index":"index","follow":"follow","max-snippet":"max-snippet:-1","max-image-preview":"max-image-preview:large","max-video-preview":"max-video-preview:-1"},"canonical":"https:\/\/fenixcargo.nl\/pl\/polityka-prywatnosci\/","og_locale":"pl_PL","og_type":"article","og_title":"Polityka prywatno\u015bci - Fenix Cargo","og_description":"Polityka prywatno\u015bci Potrzebujesz pomocy? +31 639541291 info@fenixcargo.nl Ostatnia aktualizacja 10 pa\u017adziernika 2025 r. Fenix Cargo B.V., strona internetowa nale\u017c\u0105ca do firmy https:\/\/fenixcargo.nl\/ gromadzi dane osobowe u\u017cytkownik\u00f3w i zarz\u0105dza nimi. Niniejsza Polityka prywatno\u015bci wyja\u015bnia, w jaki spos\u00f3b https:\/\/fenixcargo.nl\/ wykorzystuje dane osobowe u\u017cytkownik\u00f3w i podaje powody ich gromadzenia. Dlatego prosimy o zapoznanie si\u0119 z tym dokumentem przed [&hellip;]","og_url":"https:\/\/fenixcargo.nl\/pl\/polityka-prywatnosci\/","og_site_name":"Fenix Cargo","article_modified_time":"2025-10-10T12:37:42+00:00","twitter_card":"summary_large_image","twitter_misc":{"Szacowany czas czytania":"3 minuty"},"schema":{"@context":"https:\/\/schema.org","@graph":[{"@type":"WebPage","@id":"https:\/\/fenixcargo.nl\/pl\/polityka-prywatnosci\/","url":"https:\/\/fenixcargo.nl\/pl\/polityka-prywatnosci\/","name":"Polityka prywatno\u015bci - Fenix Cargo","isPartOf":{"@id":"https:\/\/fenixcargo.nl\/pl\/#website"},"datePublished":"2023-06-18T16:26:44+00:00","dateModified":"2025-10-10T12:37:42+00:00","breadcrumb":{"@id":"https:\/\/fenixcargo.nl\/pl\/polityka-prywatnosci\/#breadcrumb"},"inLanguage":"pl-PL","potentialAction":[{"@type":"ReadAction","target":["https:\/\/fenixcargo.nl\/pl\/polityka-prywatnosci\/"]}]},{"@type":"BreadcrumbList","@id":"https:\/\/fenixcargo.nl\/pl\/polityka-prywatnosci\/#breadcrumb","itemListElement":[{"@type":"ListItem","position":1,"name":"Home","item":"https:\/\/fenixcargo.nl\/pl\/"},{"@type":"ListItem","position":2,"name":"Polityka prywatno\u015bci"}]},{"@type":"WebSite","@id":"https:\/\/fenixcargo.nl\/pl\/#website","url":"https:\/\/fenixcargo.nl\/pl\/","name":"Fenix Cargo","description":"Your best cargo partner","publisher":{"@id":"https:\/\/fenixcargo.nl\/pl\/#organization"},"potentialAction":[{"@type":"SearchAction","target":{"@type":"EntryPoint","urlTemplate":"https:\/\/fenixcargo.nl\/pl\/?s={search_term_string}"},"query-input":{"@type":"PropertyValueSpecification","valueRequired":true,"valueName":"search_term_string"}}],"inLanguage":"pl-PL"},{"@type":"Organization","@id":"https:\/\/fenixcargo.nl\/pl\/#organization","name":"Fenix Cargo","url":"https:\/\/fenixcargo.nl\/pl\/","logo":{"@type":"ImageObject","inLanguage":"pl-PL","@id":"https:\/\/fenixcargo.nl\/pl\/#\/schema\/logo\/image\/","url":"https:\/\/fenixcargo.nl\/wp-content\/uploads\/2025\/10\/Baltas-2-1.svg","contentUrl":"https:\/\/fenixcargo.nl\/wp-content\/uploads\/2025\/10\/Baltas-2-1.svg","width":570,"height":120,"caption":"Fenix Cargo"},"image":{"@id":"https:\/\/fenixcargo.nl\/pl\/#\/schema\/logo\/image\/"}}]}},"_links":{"self":[{"href":"https:\/\/fenixcargo.nl\/pl\/wp-json\/wp\/v2\/pages\/3883","targetHints":{"allow":["GET"]}}],"collection":[{"href":"https:\/\/fenixcargo.nl\/pl\/wp-json\/wp\/v2\/pages"}],"about":[{"href":"https:\/\/fenixcargo.nl\/pl\/wp-json\/wp\/v2\/types\/page"}],"author":[{"embeddable":true,"href":"https:\/\/fenixcargo.nl\/pl\/wp-json\/wp\/v2\/users\/1"}],"replies":[{"embeddable":true,"href":"https:\/\/fenixcargo.nl\/pl\/wp-json\/wp\/v2\/comments?post=3883"}],"version-history":[{"count":3,"href":"https:\/\/fenixcargo.nl\/pl\/wp-json\/wp\/v2\/pages\/3883\/revisions"}],"predecessor-version":[{"id":6468,"href":"https:\/\/fenixcargo.nl\/pl\/wp-json\/wp\/v2\/pages\/3883\/revisions\/6468"}],"wp:attachment":[{"href":"https:\/\/fenixcargo.nl\/pl\/wp-json\/wp\/v2\/media?parent=3883"}],"curies":[{"name":"wp","href":"https:\/\/api.w.org\/{rel}","templated":true}]}}