{"id":3881,"date":"2023-06-24T17:01:42","date_gmt":"2023-06-24T17:01:42","guid":{"rendered":"https:\/\/fenixcargo.nl\/return-refund-policy\/"},"modified":"2025-10-10T12:37:43","modified_gmt":"2025-10-10T12:37:43","slug":"polityka-zwrotow","status":"publish","type":"page","link":"https:\/\/fenixcargo.nl\/pl\/polityka-zwrotow\/","title":{"rendered":"Polityka zwrot\u00f3w i refundacji"},"content":{"rendered":"\t\t<div data-elementor-type=\"wp-page\" data-elementor-id=\"3881\" class=\"elementor elementor-3881 elementor-2076\" data-elementor-post-type=\"page\">\n\t\t\t\t\t\t<section class=\"elementor-section elementor-top-section elementor-element elementor-element-89794e5 elementor-section-content-bottom elementor-section-boxed elementor-section-height-default elementor-section-height-default\" data-id=\"89794e5\" data-element_type=\"section\" data-e-type=\"section\" data-settings=\"{&quot;background_background&quot;:&quot;classic&quot;}\">\n\t\t\t\t\t\t\t<div class=\"elementor-background-overlay\"><\/div>\n\t\t\t\t\t\t\t<div class=\"elementor-container elementor-column-gap-no\">\n\t\t\t\t\t<div class=\"elementor-column elementor-col-50 elementor-top-column elementor-element elementor-element-049e644\" data-id=\"049e644\" data-element_type=\"column\" data-e-type=\"column\">\n\t\t\t<div class=\"elementor-widget-wrap elementor-element-populated\">\n\t\t\t\t\t\t<div class=\"elementor-element elementor-element-a757465 elementor-widget elementor-widget-heading\" data-id=\"a757465\" data-element_type=\"widget\" data-e-type=\"widget\" data-widget_type=\"heading.default\">\n\t\t\t\t<div class=\"elementor-widget-container\">\n\t\t\t\t\t<h1 class=\"elementor-heading-title elementor-size-default\">Polityka zwrot\u00f3w i refundacji<\/h1>\t\t\t\t<\/div>\n\t\t\t\t<\/div>\n\t\t\t\t\t<\/div>\n\t\t<\/div>\n\t\t\t\t<div class=\"elementor-column elementor-col-50 elementor-top-column elementor-element elementor-element-22bbf90\" data-id=\"22bbf90\" data-element_type=\"column\" data-e-type=\"column\">\n\t\t\t<div class=\"elementor-widget-wrap elementor-element-populated\">\n\t\t\t\t\t\t<div class=\"elementor-element elementor-element-d86d48b elementor-widget elementor-widget-heading\" data-id=\"d86d48b\" data-element_type=\"widget\" data-e-type=\"widget\" data-widget_type=\"heading.default\">\n\t\t\t\t<div class=\"elementor-widget-container\">\n\t\t\t\t\t<h6 class=\"elementor-heading-title elementor-size-default\">Potrzebujesz pomocy?<\/h6>\t\t\t\t<\/div>\n\t\t\t\t<\/div>\n\t\t\t\t<div class=\"elementor-element elementor-element-f6ef578 elementor-align-end elementor-mobile-align-start elementor-icon-list--layout-inline elementor-list-item-link-full_width elementor-widget elementor-widget-global elementor-global-2132 elementor-widget-icon-list\" data-id=\"f6ef578\" data-element_type=\"widget\" data-e-type=\"widget\" data-widget_type=\"icon-list.default\">\n\t\t\t\t<div class=\"elementor-widget-container\">\n\t\t\t\t\t\t\t<ul class=\"elementor-icon-list-items elementor-inline-items\">\n\t\t\t\t\t\t\t<li class=\"elementor-icon-list-item elementor-inline-item\">\n\t\t\t\t\t\t\t\t\t\t\t<a href=\"tel:+31639541291\">\n\n\t\t\t\t\t\t\t\t\t\t\t\t<span class=\"elementor-icon-list-icon\">\n\t\t\t\t\t\t\t<i aria-hidden=\"true\" class=\"fas fa-phone\"><\/i>\t\t\t\t\t\t<\/span>\n\t\t\t\t\t\t\t\t\t\t<span class=\"elementor-icon-list-text\">+31 639541291<\/span>\n\t\t\t\t\t\t\t\t\t\t\t<\/a>\n\t\t\t\t\t\t\t\t\t<\/li>\n\t\t\t\t\t\t\t\t<li class=\"elementor-icon-list-item elementor-inline-item\">\n\t\t\t\t\t\t\t\t\t\t\t<a href=\"mailto:info@fenixcargo.nl\">\n\n\t\t\t\t\t\t\t\t\t\t\t\t<span class=\"elementor-icon-list-icon\">\n\t\t\t\t\t\t\t<i aria-hidden=\"true\" class=\"fas fa-envelope\"><\/i>\t\t\t\t\t\t<\/span>\n\t\t\t\t\t\t\t\t\t\t<span class=\"elementor-icon-list-text\">info@fenixcargo.nl<\/span>\n\t\t\t\t\t\t\t\t\t\t\t<\/a>\n\t\t\t\t\t\t\t\t\t<\/li>\n\t\t\t\t\t\t<\/ul>\n\t\t\t\t\t\t<\/div>\n\t\t\t\t<\/div>\n\t\t\t\t\t<\/div>\n\t\t<\/div>\n\t\t\t\t\t<\/div>\n\t\t<\/section>\n\t\t\t\t<section class=\"elementor-section elementor-top-section elementor-element elementor-element-b7a17df elementor-section-boxed elementor-section-height-default elementor-section-height-default\" data-id=\"b7a17df\" data-element_type=\"section\" data-e-type=\"section\" data-settings=\"{&quot;background_background&quot;:&quot;classic&quot;}\">\n\t\t\t\t\t\t<div class=\"elementor-container elementor-column-gap-no\">\n\t\t\t\t\t<div class=\"elementor-column elementor-col-100 elementor-top-column elementor-element elementor-element-642e28a\" data-id=\"642e28a\" data-element_type=\"column\" data-e-type=\"column\">\n\t\t\t<div class=\"elementor-widget-wrap elementor-element-populated\">\n\t\t\t\t\t\t<div class=\"elementor-element elementor-element-3e5000c elementor-widget elementor-widget-text-editor\" data-id=\"3e5000c\" data-element_type=\"widget\" data-e-type=\"widget\" data-widget_type=\"text-editor.default\">\n\t\t\t\t<div class=\"elementor-widget-container\">\n\t\t\t\t\t\t\t\t\t<p><em>Ostatnia aktualizacja 10 pa\u017adziernika 2025 r.<\/em><\/p><p>Wszystkie depozyty zabezpieczaj\u0105ce z\u0142o\u017cone w <strong>Fenix Cargo<\/strong><strong> B.V.<\/strong> podlegaj\u0105 zwrotowi tylko wtedy, gdy nie masz \u017cadnych nierozstrzygni\u0119tych ofert.<\/p><p>Je\u015bli pojazd zosta\u0142 ju\u017c nabyty na aukcji, na zam\u00f3wienie lub za po\u015brednictwem innego dostawcy, a u\u017cytkownik (kupuj\u0105cy) nie zap\u0142aci w ca\u0142o\u015bci faktury wystawionej w zwi\u0105zku z tym pojazdem, utraci kaucj\u0119 (i NIE b\u0119dzie ona podlega\u0107 zwrotowi), poniewa\u017c Fenix Cargo B.V. b\u0119dzie musia\u0142a pokry\u0107 koszty zwi\u0105zane z nabyciem samochodu w imieniu u\u017cytkownika i inne powi\u0105zane koszty. U\u017cytkownik b\u0119dzie r\u00f3wnie\u017c odpowiedzialny za inne koszty i wydatki zwi\u0105zane z zakupem. <\/p><p>Zwroty s\u0105 przetwarzane w ci\u0105gu 2-3 dni roboczych od daty z\u0142o\u017cenia wniosku o zwrot i po zako\u0144czeniu wewn\u0119trznej kontroli.<\/p><p>W przypadku zwrot\u00f3w dokonywanych kart\u0105 kredytow\u0105 zwrot \u015brodk\u00f3w na kart\u0119 kredytow\u0105 mo\u017ce potrwa\u0107 od 5 do 15 dni (w zale\u017cno\u015bci od po\u015brednika finansowego). Czas ten zale\u017cy od banku i\/lub wystawcy karty, poniewa\u017c przetwarzamy wniosek o zwrot w ci\u0105gu 2-3 dni roboczych od dnia z\u0142o\u017cenia wniosku i po zako\u0144czeniu wewn\u0119trznej kontroli. <\/p><p>W przypadku zwrot\u00f3w wysy\u0142anych przelewem naliczane s\u0105 dodatkowe op\u0142aty wynikaj\u0105ce z op\u0142at bankowych zwi\u0105zanych z przelewami. Zwroty przelewem bankowym b\u0119d\u0105 podlega\u0107 op\u0142atom za przelewy wychodz\u0105ce, kt\u00f3re zostan\u0105 odj\u0119te od kwoty zwrotu. <\/p><p>Op\u0142aty za zwrot koszt\u00f3w przelewu<br>Klienci z USA &#8211; Op\u0142ata za przelew bankowy 35,00 USD<br>Klienci z zagranicy &#8211; Op\u0142ata za przelew bankowy 40,00 USD<\/p><p>W przypadku dalszych pyta\u0144 lub uwag mo\u017cna skontaktowa\u0107 si\u0119 z nami pod adresem:<\/p><ul><li>Telefon: <a href=\"tel:+316395412\">+31 6 3954 12 91<\/a><\/li><li>E-mail: <a href=\"mailto:info@fenixcargo.nl\">info@fenixcargo.nl<\/a><\/li><li>Formularz kontaktowy online: <a href=\"https:\/\/fenixcargo.nl\/pl\/firma\/kontakt\/\">https:\/\/fenixcargo.nl\/about\/contact\/<\/a><\/li><\/ul>\t\t\t\t\t\t\t\t<\/div>\n\t\t\t\t<\/div>\n\t\t\t\t\t<\/div>\n\t\t<\/div>\n\t\t\t\t\t<\/div>\n\t\t<\/section>\n\t\t\t\t<\/div>\n\t\t","protected":false},"excerpt":{"rendered":"<p>Polityka zwrot\u00f3w i refundacji Potrzebujesz pomocy? +31 639541291 info@fenixcargo.nl Ostatnia aktualizacja 10 pa\u017adziernika 2025 r. Wszystkie depozyty zabezpieczaj\u0105ce z\u0142o\u017cone w Fenix Cargo B.V. podlegaj\u0105 zwrotowi tylko wtedy, gdy nie masz \u017cadnych nierozstrzygni\u0119tych ofert. Je\u015bli pojazd zosta\u0142 ju\u017c nabyty na aukcji, na zam\u00f3wienie lub za po\u015brednictwem innego dostawcy, a u\u017cytkownik (kupuj\u0105cy) nie zap\u0142aci w ca\u0142o\u015bci faktury [&hellip;]<\/p>\n","protected":false},"author":1,"featured_media":0,"parent":0,"menu_order":0,"comment_status":"closed","ping_status":"closed","template":"","meta":{"site-sidebar-layout":"no-sidebar","site-content-layout":"page-builder","ast-site-content-layout":"default","site-content-style":"default","site-sidebar-style":"default","ast-global-header-display":"","ast-banner-title-visibility":"","ast-main-header-display":"","ast-hfb-above-header-display":"","ast-hfb-below-header-display":"","ast-hfb-mobile-header-display":"","site-post-title":"disabled","ast-breadcrumbs-content":"","ast-featured-img":"disabled","footer-sml-layout":"","ast-disable-related-posts":"","theme-transparent-header-meta":"enabled","adv-header-id-meta":"","stick-header-meta":"default","header-above-stick-meta":"","header-main-stick-meta":"","header-below-stick-meta":"","astra-migrate-meta-layouts":"default","ast-page-background-enabled":"default","ast-page-background-meta":{"desktop":{"background-color":"","background-image":"","background-repeat":"repeat","background-position":"center center","background-size":"auto","background-attachment":"scroll","background-type":"","background-media":"","overlay-type":"","overlay-color":"","overlay-opacity":"","overlay-gradient":""},"tablet":{"background-color":"","background-image":"","background-repeat":"repeat","background-position":"center center","background-size":"auto","background-attachment":"scroll","background-type":"","background-media":"","overlay-type":"","overlay-color":"","overlay-opacity":"","overlay-gradient":""},"mobile":{"background-color":"","background-image":"","background-repeat":"repeat","background-position":"center center","background-size":"auto","background-attachment":"scroll","background-type":"","background-media":"","overlay-type":"","overlay-color":"","overlay-opacity":"","overlay-gradient":""}},"ast-content-background-meta":{"desktop":{"background-color":"var(--ast-global-color-5)","background-image":"","background-repeat":"repeat","background-position":"center center","background-size":"auto","background-attachment":"scroll","background-type":"","background-media":"","overlay-type":"","overlay-color":"","overlay-opacity":"","overlay-gradient":""},"tablet":{"background-color":"var(--ast-global-color-5)","background-image":"","background-repeat":"repeat","background-position":"center center","background-size":"auto","background-attachment":"scroll","background-type":"","background-media":"","overlay-type":"","overlay-color":"","overlay-opacity":"","overlay-gradient":""},"mobile":{"background-color":"var(--ast-global-color-5)","background-image":"","background-repeat":"repeat","background-position":"center center","background-size":"auto","background-attachment":"scroll","background-type":"","background-media":"","overlay-type":"","overlay-color":"","overlay-opacity":"","overlay-gradient":""}},"footnotes":""},"class_list":["post-3881","page","type-page","status-publish","hentry"],"yoast_head":"<!-- This site is optimized with the Yoast SEO plugin v27.4 - https:\/\/yoast.com\/product\/yoast-seo-wordpress\/ -->\n<title>Polityka zwrot\u00f3w i refundacji - Fenix Cargo<\/title>\n<meta name=\"robots\" content=\"index, follow, max-snippet:-1, max-image-preview:large, max-video-preview:-1\" \/>\n<link rel=\"canonical\" href=\"https:\/\/fenixcargo.nl\/pl\/polityka-zwrotow\/\" \/>\n<meta property=\"og:locale\" content=\"pl_PL\" \/>\n<meta property=\"og:type\" content=\"article\" \/>\n<meta property=\"og:title\" content=\"Polityka zwrot\u00f3w i refundacji - Fenix Cargo\" \/>\n<meta property=\"og:description\" content=\"Polityka zwrot\u00f3w i refundacji Potrzebujesz pomocy? +31 639541291 info@fenixcargo.nl Ostatnia aktualizacja 10 pa\u017adziernika 2025 r. Wszystkie depozyty zabezpieczaj\u0105ce z\u0142o\u017cone w Fenix Cargo B.V. podlegaj\u0105 zwrotowi tylko wtedy, gdy nie masz \u017cadnych nierozstrzygni\u0119tych ofert. Je\u015bli pojazd zosta\u0142 ju\u017c nabyty na aukcji, na zam\u00f3wienie lub za po\u015brednictwem innego dostawcy, a u\u017cytkownik (kupuj\u0105cy) nie zap\u0142aci w ca\u0142o\u015bci faktury [&hellip;]\" \/>\n<meta property=\"og:url\" content=\"https:\/\/fenixcargo.nl\/pl\/polityka-zwrotow\/\" \/>\n<meta property=\"og:site_name\" content=\"Fenix Cargo\" \/>\n<meta property=\"article:modified_time\" content=\"2025-10-10T12:37:43+00:00\" \/>\n<meta name=\"twitter:card\" content=\"summary_large_image\" \/>\n<meta name=\"twitter:label1\" content=\"Szacowany czas czytania\" \/>\n\t<meta name=\"twitter:data1\" content=\"2 minuty\" \/>\n<script type=\"application\/ld+json\" class=\"yoast-schema-graph\">{\"@context\":\"https:\\\/\\\/schema.org\",\"@graph\":[{\"@type\":\"WebPage\",\"@id\":\"https:\\\/\\\/fenixcargo.nl\\\/pl\\\/polityka-zwrotow\\\/\",\"url\":\"https:\\\/\\\/fenixcargo.nl\\\/pl\\\/polityka-zwrotow\\\/\",\"name\":\"Polityka zwrot\u00f3w i refundacji - Fenix Cargo\",\"isPartOf\":{\"@id\":\"https:\\\/\\\/fenixcargo.nl\\\/pl\\\/#website\"},\"datePublished\":\"2023-06-24T17:01:42+00:00\",\"dateModified\":\"2025-10-10T12:37:43+00:00\",\"breadcrumb\":{\"@id\":\"https:\\\/\\\/fenixcargo.nl\\\/pl\\\/polityka-zwrotow\\\/#breadcrumb\"},\"inLanguage\":\"pl-PL\",\"potentialAction\":[{\"@type\":\"ReadAction\",\"target\":[\"https:\\\/\\\/fenixcargo.nl\\\/pl\\\/polityka-zwrotow\\\/\"]}]},{\"@type\":\"BreadcrumbList\",\"@id\":\"https:\\\/\\\/fenixcargo.nl\\\/pl\\\/polityka-zwrotow\\\/#breadcrumb\",\"itemListElement\":[{\"@type\":\"ListItem\",\"position\":1,\"name\":\"Home\",\"item\":\"https:\\\/\\\/fenixcargo.nl\\\/pl\\\/\"},{\"@type\":\"ListItem\",\"position\":2,\"name\":\"Polityka zwrot\u00f3w i refundacji\"}]},{\"@type\":\"WebSite\",\"@id\":\"https:\\\/\\\/fenixcargo.nl\\\/pl\\\/#website\",\"url\":\"https:\\\/\\\/fenixcargo.nl\\\/pl\\\/\",\"name\":\"Fenix Cargo\",\"description\":\"Your best cargo partner\",\"publisher\":{\"@id\":\"https:\\\/\\\/fenixcargo.nl\\\/pl\\\/#organization\"},\"potentialAction\":[{\"@type\":\"SearchAction\",\"target\":{\"@type\":\"EntryPoint\",\"urlTemplate\":\"https:\\\/\\\/fenixcargo.nl\\\/pl\\\/?s={search_term_string}\"},\"query-input\":{\"@type\":\"PropertyValueSpecification\",\"valueRequired\":true,\"valueName\":\"search_term_string\"}}],\"inLanguage\":\"pl-PL\"},{\"@type\":\"Organization\",\"@id\":\"https:\\\/\\\/fenixcargo.nl\\\/pl\\\/#organization\",\"name\":\"Fenix Cargo\",\"url\":\"https:\\\/\\\/fenixcargo.nl\\\/pl\\\/\",\"logo\":{\"@type\":\"ImageObject\",\"inLanguage\":\"pl-PL\",\"@id\":\"https:\\\/\\\/fenixcargo.nl\\\/pl\\\/#\\\/schema\\\/logo\\\/image\\\/\",\"url\":\"https:\\\/\\\/fenixcargo.nl\\\/wp-content\\\/uploads\\\/2025\\\/10\\\/Baltas-2-1.svg\",\"contentUrl\":\"https:\\\/\\\/fenixcargo.nl\\\/wp-content\\\/uploads\\\/2025\\\/10\\\/Baltas-2-1.svg\",\"width\":570,\"height\":120,\"caption\":\"Fenix Cargo\"},\"image\":{\"@id\":\"https:\\\/\\\/fenixcargo.nl\\\/pl\\\/#\\\/schema\\\/logo\\\/image\\\/\"}}]}<\/script>\n<!-- \/ Yoast SEO plugin. -->","yoast_head_json":{"title":"Polityka zwrot\u00f3w i refundacji - Fenix Cargo","robots":{"index":"index","follow":"follow","max-snippet":"max-snippet:-1","max-image-preview":"max-image-preview:large","max-video-preview":"max-video-preview:-1"},"canonical":"https:\/\/fenixcargo.nl\/pl\/polityka-zwrotow\/","og_locale":"pl_PL","og_type":"article","og_title":"Polityka zwrot\u00f3w i refundacji - Fenix Cargo","og_description":"Polityka zwrot\u00f3w i refundacji Potrzebujesz pomocy? +31 639541291 info@fenixcargo.nl Ostatnia aktualizacja 10 pa\u017adziernika 2025 r. Wszystkie depozyty zabezpieczaj\u0105ce z\u0142o\u017cone w Fenix Cargo B.V. podlegaj\u0105 zwrotowi tylko wtedy, gdy nie masz \u017cadnych nierozstrzygni\u0119tych ofert. Je\u015bli pojazd zosta\u0142 ju\u017c nabyty na aukcji, na zam\u00f3wienie lub za po\u015brednictwem innego dostawcy, a u\u017cytkownik (kupuj\u0105cy) nie zap\u0142aci w ca\u0142o\u015bci faktury [&hellip;]","og_url":"https:\/\/fenixcargo.nl\/pl\/polityka-zwrotow\/","og_site_name":"Fenix Cargo","article_modified_time":"2025-10-10T12:37:43+00:00","twitter_card":"summary_large_image","twitter_misc":{"Szacowany czas czytania":"2 minuty"},"schema":{"@context":"https:\/\/schema.org","@graph":[{"@type":"WebPage","@id":"https:\/\/fenixcargo.nl\/pl\/polityka-zwrotow\/","url":"https:\/\/fenixcargo.nl\/pl\/polityka-zwrotow\/","name":"Polityka zwrot\u00f3w i refundacji - Fenix Cargo","isPartOf":{"@id":"https:\/\/fenixcargo.nl\/pl\/#website"},"datePublished":"2023-06-24T17:01:42+00:00","dateModified":"2025-10-10T12:37:43+00:00","breadcrumb":{"@id":"https:\/\/fenixcargo.nl\/pl\/polityka-zwrotow\/#breadcrumb"},"inLanguage":"pl-PL","potentialAction":[{"@type":"ReadAction","target":["https:\/\/fenixcargo.nl\/pl\/polityka-zwrotow\/"]}]},{"@type":"BreadcrumbList","@id":"https:\/\/fenixcargo.nl\/pl\/polityka-zwrotow\/#breadcrumb","itemListElement":[{"@type":"ListItem","position":1,"name":"Home","item":"https:\/\/fenixcargo.nl\/pl\/"},{"@type":"ListItem","position":2,"name":"Polityka zwrot\u00f3w i refundacji"}]},{"@type":"WebSite","@id":"https:\/\/fenixcargo.nl\/pl\/#website","url":"https:\/\/fenixcargo.nl\/pl\/","name":"Fenix Cargo","description":"Your best cargo partner","publisher":{"@id":"https:\/\/fenixcargo.nl\/pl\/#organization"},"potentialAction":[{"@type":"SearchAction","target":{"@type":"EntryPoint","urlTemplate":"https:\/\/fenixcargo.nl\/pl\/?s={search_term_string}"},"query-input":{"@type":"PropertyValueSpecification","valueRequired":true,"valueName":"search_term_string"}}],"inLanguage":"pl-PL"},{"@type":"Organization","@id":"https:\/\/fenixcargo.nl\/pl\/#organization","name":"Fenix Cargo","url":"https:\/\/fenixcargo.nl\/pl\/","logo":{"@type":"ImageObject","inLanguage":"pl-PL","@id":"https:\/\/fenixcargo.nl\/pl\/#\/schema\/logo\/image\/","url":"https:\/\/fenixcargo.nl\/wp-content\/uploads\/2025\/10\/Baltas-2-1.svg","contentUrl":"https:\/\/fenixcargo.nl\/wp-content\/uploads\/2025\/10\/Baltas-2-1.svg","width":570,"height":120,"caption":"Fenix Cargo"},"image":{"@id":"https:\/\/fenixcargo.nl\/pl\/#\/schema\/logo\/image\/"}}]}},"_links":{"self":[{"href":"https:\/\/fenixcargo.nl\/pl\/wp-json\/wp\/v2\/pages\/3881","targetHints":{"allow":["GET"]}}],"collection":[{"href":"https:\/\/fenixcargo.nl\/pl\/wp-json\/wp\/v2\/pages"}],"about":[{"href":"https:\/\/fenixcargo.nl\/pl\/wp-json\/wp\/v2\/types\/page"}],"author":[{"embeddable":true,"href":"https:\/\/fenixcargo.nl\/pl\/wp-json\/wp\/v2\/users\/1"}],"replies":[{"embeddable":true,"href":"https:\/\/fenixcargo.nl\/pl\/wp-json\/wp\/v2\/comments?post=3881"}],"version-history":[{"count":4,"href":"https:\/\/fenixcargo.nl\/pl\/wp-json\/wp\/v2\/pages\/3881\/revisions"}],"predecessor-version":[{"id":6475,"href":"https:\/\/fenixcargo.nl\/pl\/wp-json\/wp\/v2\/pages\/3881\/revisions\/6475"}],"wp:attachment":[{"href":"https:\/\/fenixcargo.nl\/pl\/wp-json\/wp\/v2\/media?parent=3881"}],"curies":[{"name":"wp","href":"https:\/\/api.w.org\/{rel}","templated":true}]}}