{"id":3879,"date":"2023-07-05T10:45:20","date_gmt":"2023-07-05T10:45:20","guid":{"rendered":"https:\/\/fenixcargo.nl\/shipping-delivery-policy\/"},"modified":"2025-10-10T12:37:41","modified_gmt":"2025-10-10T12:37:41","slug":"regulamin-dostaw","status":"publish","type":"page","link":"https:\/\/fenixcargo.nl\/pl\/regulamin-dostaw\/","title":{"rendered":"Zasady wysy\u0142ki i dostawy"},"content":{"rendered":"\t\t<div data-elementor-type=\"wp-page\" data-elementor-id=\"3879\" class=\"elementor elementor-3879 elementor-2830\" data-elementor-post-type=\"page\">\n\t\t\t\t\t\t<section class=\"elementor-section elementor-top-section elementor-element elementor-element-eb94adb elementor-section-content-bottom elementor-section-boxed elementor-section-height-default elementor-section-height-default\" data-id=\"eb94adb\" data-element_type=\"section\" data-e-type=\"section\" data-settings=\"{&quot;background_background&quot;:&quot;classic&quot;}\">\n\t\t\t\t\t\t\t<div class=\"elementor-background-overlay\"><\/div>\n\t\t\t\t\t\t\t<div class=\"elementor-container elementor-column-gap-no\">\n\t\t\t\t\t<div class=\"elementor-column elementor-col-50 elementor-top-column elementor-element elementor-element-1c887cf\" data-id=\"1c887cf\" data-element_type=\"column\" data-e-type=\"column\">\n\t\t\t<div class=\"elementor-widget-wrap elementor-element-populated\">\n\t\t\t\t\t\t<div class=\"elementor-element elementor-element-73906f0 elementor-widget elementor-widget-heading\" data-id=\"73906f0\" data-element_type=\"widget\" data-e-type=\"widget\" data-widget_type=\"heading.default\">\n\t\t\t\t<div class=\"elementor-widget-container\">\n\t\t\t\t\t<h1 class=\"elementor-heading-title elementor-size-default\">Zasady wysy\u0142ki i dostawy<\/h1>\t\t\t\t<\/div>\n\t\t\t\t<\/div>\n\t\t\t\t\t<\/div>\n\t\t<\/div>\n\t\t\t\t<div class=\"elementor-column elementor-col-50 elementor-top-column elementor-element elementor-element-4254025\" data-id=\"4254025\" data-element_type=\"column\" data-e-type=\"column\">\n\t\t\t<div class=\"elementor-widget-wrap elementor-element-populated\">\n\t\t\t\t\t\t<div class=\"elementor-element elementor-element-1a867e5 elementor-widget elementor-widget-heading\" data-id=\"1a867e5\" data-element_type=\"widget\" data-e-type=\"widget\" data-widget_type=\"heading.default\">\n\t\t\t\t<div class=\"elementor-widget-container\">\n\t\t\t\t\t<h6 class=\"elementor-heading-title elementor-size-default\">Potrzebujesz pomocy?<\/h6>\t\t\t\t<\/div>\n\t\t\t\t<\/div>\n\t\t\t\t<div class=\"elementor-element elementor-element-18402a8 elementor-align-end elementor-mobile-align-start elementor-icon-list--layout-inline elementor-list-item-link-full_width elementor-widget elementor-widget-global elementor-global-2132 elementor-widget-icon-list\" data-id=\"18402a8\" data-element_type=\"widget\" data-e-type=\"widget\" data-widget_type=\"icon-list.default\">\n\t\t\t\t<div class=\"elementor-widget-container\">\n\t\t\t\t\t\t\t<ul class=\"elementor-icon-list-items elementor-inline-items\">\n\t\t\t\t\t\t\t<li class=\"elementor-icon-list-item elementor-inline-item\">\n\t\t\t\t\t\t\t\t\t\t\t<a href=\"tel:+31639541291\">\n\n\t\t\t\t\t\t\t\t\t\t\t\t<span class=\"elementor-icon-list-icon\">\n\t\t\t\t\t\t\t<i aria-hidden=\"true\" class=\"fas fa-phone\"><\/i>\t\t\t\t\t\t<\/span>\n\t\t\t\t\t\t\t\t\t\t<span class=\"elementor-icon-list-text\">+31 639541291<\/span>\n\t\t\t\t\t\t\t\t\t\t\t<\/a>\n\t\t\t\t\t\t\t\t\t<\/li>\n\t\t\t\t\t\t\t\t<li class=\"elementor-icon-list-item elementor-inline-item\">\n\t\t\t\t\t\t\t\t\t\t\t<a href=\"mailto:info@fenixcargo.nl\">\n\n\t\t\t\t\t\t\t\t\t\t\t\t<span class=\"elementor-icon-list-icon\">\n\t\t\t\t\t\t\t<i aria-hidden=\"true\" class=\"fas fa-envelope\"><\/i>\t\t\t\t\t\t<\/span>\n\t\t\t\t\t\t\t\t\t\t<span class=\"elementor-icon-list-text\">info@fenixcargo.nl<\/span>\n\t\t\t\t\t\t\t\t\t\t\t<\/a>\n\t\t\t\t\t\t\t\t\t<\/li>\n\t\t\t\t\t\t<\/ul>\n\t\t\t\t\t\t<\/div>\n\t\t\t\t<\/div>\n\t\t\t\t\t<\/div>\n\t\t<\/div>\n\t\t\t\t\t<\/div>\n\t\t<\/section>\n\t\t\t\t<section class=\"elementor-section elementor-top-section elementor-element elementor-element-44ff6f5 elementor-section-boxed elementor-section-height-default elementor-section-height-default\" data-id=\"44ff6f5\" data-element_type=\"section\" data-e-type=\"section\" data-settings=\"{&quot;background_background&quot;:&quot;classic&quot;}\">\n\t\t\t\t\t\t<div class=\"elementor-container elementor-column-gap-no\">\n\t\t\t\t\t<div class=\"elementor-column elementor-col-100 elementor-top-column elementor-element elementor-element-dd65b66\" data-id=\"dd65b66\" data-element_type=\"column\" data-e-type=\"column\">\n\t\t\t<div class=\"elementor-widget-wrap elementor-element-populated\">\n\t\t\t\t\t\t<div class=\"elementor-element elementor-element-e6647cf elementor-widget elementor-widget-text-editor\" data-id=\"e6647cf\" data-element_type=\"widget\" data-e-type=\"widget\" data-widget_type=\"text-editor.default\">\n\t\t\t\t<div class=\"elementor-widget-container\">\n\t\t\t\t\t\t\t\t\t<p><em>Ostatnia aktualizacja 10 pa\u017adziernika 2025 r.<\/em><\/p><p>Przy zakupie naszych produkt\u00f3w prosimy o uwa\u017cne zapoznanie si\u0119 z naszymi Zasadami wysy\u0142ki i dostawy. Polityka ta b\u0119dzie mia\u0142a zastosowanie do ka\u017cdego zam\u00f3wienia z\u0142o\u017conego u nas. <\/p><h4>1. Stawki i koszty wysy\u0142ki<\/h4><p><strong>Jakie s\u0105 opcje wysy\u0142ki i dostawy?<\/strong><\/p><p>Oferujemy r\u00f3\u017cne opcje wysy\u0142ki. W niekt\u00f3rych przypadkach dostawca zewn\u0119trzny mo\u017ce zarz\u0105dza\u0107 naszymi zapasami i b\u0119dzie odpowiedzialny za wysy\u0142k\u0119 naszych produkt\u00f3w. <\/p><p><strong>Op\u0142aty za wysy\u0142k\u0119<\/strong><\/p><p>Wysy\u0142amy na ca\u0142y \u015bwiat, a stawki zale\u017c\u0105 od:<\/p><ul><li>Wymiary \u0142adunku (wymiary)<\/li><li>Waga \u0142adunku (brutto)<\/li><li>Rodzaj \u0142adunku, je\u015bli nie jest to pojazd (je\u015bli dost\u0119pny &#8211; w tym kod HS)<\/li><li>Sk\u0105d wysy\u0142any jest \u0142adunek (dok\u0142adna lokalizacja)<\/li><li>Do jakiej lokalizacji wysy\u0142any jest \u0142adunek (dok\u0142adna lokalizacja)<\/li><\/ul><p>Skontaktuj si\u0119 z nami, a przedstawimy Ci nasz\u0105 ofert\u0119 i okres wa\u017cno\u015bci.<br>Uwaga &#8211; we wszystkich przypadkach dop\u0142aty za wysy\u0142k\u0119 s\u0105 VATOS.<\/p><h4>2. Metody wysy\u0142ki, czas dostawy i ograniczenia wysy\u0142ki<\/h4><p>Dla konsument\u00f3w z UE: Nie ma to wp\u0142ywu na prawa ustawowe. O ile nie zaznaczono inaczej, szacowany czas dostawy odzwierciedla najwcze\u015bniejsz\u0105 dost\u0119pn\u0105 dostaw\u0119, a dostawy zostan\u0105 zrealizowane w terminie okre\u015blonym w naszej ofercie handlowej. Wi\u0119cej informacji mo\u017cna znale\u017a\u0107 w naszych Warunkach.  <\/p><p><strong>Czy dostarczacie przesy\u0142ki mi\u0119dzynarodowe?<\/strong><\/p><p>Oferujemy wysy\u0142k\u0119 na ca\u0142y \u015bwiat. Darmowa wysy\u0142ka nie obowi\u0105zuje w przypadku zam\u00f3wie\u0144 krajowych i mi\u0119dzynarodowych. <\/p><p>Aby uzyska\u0107 wi\u0119cej informacji na temat procesu celnego:<\/p><ul><li>E-mail info@fenixcargo.nl<\/li><li>Zadzwo\u0144 pod numer +31 6 3954 12 91<\/li><\/ul><h4>3. Wysy\u0142ka mi\u0119dzynarodowa i ograniczenia<\/h4><p>Nale\u017cy pami\u0119ta\u0107, \u017ce mo\u017cemy podlega\u0107 r\u00f3\u017cnym zasadom i ograniczeniom w odniesieniu do niekt\u00f3rych dostaw mi\u0119dzynarodowych, a u\u017cytkownik mo\u017ce podlega\u0107 dodatkowym podatkom i c\u0142om, nad kt\u00f3rymi nie mamy kontroli. Je\u015bli takie przypadki maj\u0105 zastosowanie, u\u017cytkownik jest odpowiedzialny za przestrzeganie przepis\u00f3w obowi\u0105zuj\u0105cych w kraju, w kt\u00f3rym mieszka, i b\u0119dzie odpowiedzialny za wszelkie takie dodatkowe koszty lub podatki. <\/p><p><strong>Co si\u0119 stanie, je\u015bli moje zam\u00f3wienie zostanie op\u00f3\u017anione?<\/strong><br>Je\u015bli dostawa zostanie op\u00f3\u017aniona z jakiegokolwiek powodu, poinformujemy Ci\u0119 o tym jak najszybciej i podamy zmienion\u0105 szacowan\u0105 dat\u0119 dostawy.<\/p><p>Dla konsument\u00f3w z UE: Nie ma to wp\u0142ywu na ustawowe prawa u\u017cytkownika. Wi\u0119cej informacji mo\u017cna znale\u017a\u0107 w naszych Warunkach. <\/p><p><strong>Jak mo\u017cna skontaktowa\u0107 si\u0119 z nami w sprawie niniejszej Polityki?<\/strong><\/p><p>W przypadku dalszych pyta\u0144 lub uwag mo\u017cna skontaktowa\u0107 si\u0119 z nami pod adresem:<\/p><ul><li>Telefon: +31 6 3954 12 91<\/li><li>E-mail: info@fenixcargo.nl<\/li><li>Formularz kontaktowy online: <a href=\"https:\/\/fenixcargo.nl\/pl\/firma\/kontakt\/\">https:\/\/fenixcargo.nl\/about\/contact\/<\/a><\/li><\/ul>\t\t\t\t\t\t\t\t<\/div>\n\t\t\t\t<\/div>\n\t\t\t\t\t<\/div>\n\t\t<\/div>\n\t\t\t\t\t<\/div>\n\t\t<\/section>\n\t\t\t\t<\/div>\n\t\t","protected":false},"excerpt":{"rendered":"<p>Zasady wysy\u0142ki i dostawy Potrzebujesz pomocy? +31 639541291 info@fenixcargo.nl Ostatnia aktualizacja 10 pa\u017adziernika 2025 r. Przy zakupie naszych produkt\u00f3w prosimy o uwa\u017cne zapoznanie si\u0119 z naszymi Zasadami wysy\u0142ki i dostawy. Polityka ta b\u0119dzie mia\u0142a zastosowanie do ka\u017cdego zam\u00f3wienia z\u0142o\u017conego u nas. 1. Stawki i koszty wysy\u0142ki Jakie s\u0105 opcje wysy\u0142ki i dostawy? Oferujemy r\u00f3\u017cne opcje [&hellip;]<\/p>\n","protected":false},"author":1,"featured_media":0,"parent":0,"menu_order":0,"comment_status":"closed","ping_status":"closed","template":"","meta":{"site-sidebar-layout":"no-sidebar","site-content-layout":"page-builder","ast-site-content-layout":"default","site-content-style":"default","site-sidebar-style":"default","ast-global-header-display":"","ast-banner-title-visibility":"","ast-main-header-display":"","ast-hfb-above-header-display":"","ast-hfb-below-header-display":"","ast-hfb-mobile-header-display":"","site-post-title":"disabled","ast-breadcrumbs-content":"","ast-featured-img":"disabled","footer-sml-layout":"","ast-disable-related-posts":"","theme-transparent-header-meta":"enabled","adv-header-id-meta":"","stick-header-meta":"default","header-above-stick-meta":"","header-main-stick-meta":"","header-below-stick-meta":"","astra-migrate-meta-layouts":"default","ast-page-background-enabled":"default","ast-page-background-meta":{"desktop":{"background-color":"","background-image":"","background-repeat":"repeat","background-position":"center center","background-size":"auto","background-attachment":"scroll","background-type":"","background-media":"","overlay-type":"","overlay-color":"","overlay-opacity":"","overlay-gradient":""},"tablet":{"background-color":"","background-image":"","background-repeat":"repeat","background-position":"center center","background-size":"auto","background-attachment":"scroll","background-type":"","background-media":"","overlay-type":"","overlay-color":"","overlay-opacity":"","overlay-gradient":""},"mobile":{"background-color":"","background-image":"","background-repeat":"repeat","background-position":"center center","background-size":"auto","background-attachment":"scroll","background-type":"","background-media":"","overlay-type":"","overlay-color":"","overlay-opacity":"","overlay-gradient":""}},"ast-content-background-meta":{"desktop":{"background-color":"var(--ast-global-color-5)","background-image":"","background-repeat":"repeat","background-position":"center center","background-size":"auto","background-attachment":"scroll","background-type":"","background-media":"","overlay-type":"","overlay-color":"","overlay-opacity":"","overlay-gradient":""},"tablet":{"background-color":"var(--ast-global-color-5)","background-image":"","background-repeat":"repeat","background-position":"center center","background-size":"auto","background-attachment":"scroll","background-type":"","background-media":"","overlay-type":"","overlay-color":"","overlay-opacity":"","overlay-gradient":""},"mobile":{"background-color":"var(--ast-global-color-5)","background-image":"","background-repeat":"repeat","background-position":"center center","background-size":"auto","background-attachment":"scroll","background-type":"","background-media":"","overlay-type":"","overlay-color":"","overlay-opacity":"","overlay-gradient":""}},"footnotes":""},"class_list":["post-3879","page","type-page","status-publish","hentry"],"yoast_head":"<!-- This site is optimized with the Yoast SEO plugin v27.4 - https:\/\/yoast.com\/product\/yoast-seo-wordpress\/ -->\n<title>Zasady wysy\u0142ki i dostawy - Fenix Cargo<\/title>\n<meta name=\"robots\" content=\"index, follow, max-snippet:-1, max-image-preview:large, max-video-preview:-1\" \/>\n<link rel=\"canonical\" href=\"https:\/\/fenixcargo.nl\/pl\/regulamin-dostaw\/\" \/>\n<meta property=\"og:locale\" content=\"pl_PL\" \/>\n<meta property=\"og:type\" content=\"article\" \/>\n<meta property=\"og:title\" content=\"Zasady wysy\u0142ki i dostawy - Fenix Cargo\" \/>\n<meta property=\"og:description\" content=\"Zasady wysy\u0142ki i dostawy Potrzebujesz pomocy? +31 639541291 info@fenixcargo.nl Ostatnia aktualizacja 10 pa\u017adziernika 2025 r. Przy zakupie naszych produkt\u00f3w prosimy o uwa\u017cne zapoznanie si\u0119 z naszymi Zasadami wysy\u0142ki i dostawy. Polityka ta b\u0119dzie mia\u0142a zastosowanie do ka\u017cdego zam\u00f3wienia z\u0142o\u017conego u nas. 1. Stawki i koszty wysy\u0142ki Jakie s\u0105 opcje wysy\u0142ki i dostawy? Oferujemy r\u00f3\u017cne opcje [&hellip;]\" \/>\n<meta property=\"og:url\" content=\"https:\/\/fenixcargo.nl\/pl\/regulamin-dostaw\/\" \/>\n<meta property=\"og:site_name\" content=\"Fenix Cargo\" \/>\n<meta property=\"article:modified_time\" content=\"2025-10-10T12:37:41+00:00\" \/>\n<meta name=\"twitter:card\" content=\"summary_large_image\" \/>\n<meta name=\"twitter:label1\" content=\"Szacowany czas czytania\" \/>\n\t<meta name=\"twitter:data1\" content=\"3 minuty\" \/>\n<script type=\"application\/ld+json\" class=\"yoast-schema-graph\">{\"@context\":\"https:\\\/\\\/schema.org\",\"@graph\":[{\"@type\":\"WebPage\",\"@id\":\"https:\\\/\\\/fenixcargo.nl\\\/pl\\\/regulamin-dostaw\\\/\",\"url\":\"https:\\\/\\\/fenixcargo.nl\\\/pl\\\/regulamin-dostaw\\\/\",\"name\":\"Zasady wysy\u0142ki i dostawy - Fenix Cargo\",\"isPartOf\":{\"@id\":\"https:\\\/\\\/fenixcargo.nl\\\/pl\\\/#website\"},\"datePublished\":\"2023-07-05T10:45:20+00:00\",\"dateModified\":\"2025-10-10T12:37:41+00:00\",\"breadcrumb\":{\"@id\":\"https:\\\/\\\/fenixcargo.nl\\\/pl\\\/regulamin-dostaw\\\/#breadcrumb\"},\"inLanguage\":\"pl-PL\",\"potentialAction\":[{\"@type\":\"ReadAction\",\"target\":[\"https:\\\/\\\/fenixcargo.nl\\\/pl\\\/regulamin-dostaw\\\/\"]}]},{\"@type\":\"BreadcrumbList\",\"@id\":\"https:\\\/\\\/fenixcargo.nl\\\/pl\\\/regulamin-dostaw\\\/#breadcrumb\",\"itemListElement\":[{\"@type\":\"ListItem\",\"position\":1,\"name\":\"Home\",\"item\":\"https:\\\/\\\/fenixcargo.nl\\\/pl\\\/\"},{\"@type\":\"ListItem\",\"position\":2,\"name\":\"Zasady wysy\u0142ki i dostawy\"}]},{\"@type\":\"WebSite\",\"@id\":\"https:\\\/\\\/fenixcargo.nl\\\/pl\\\/#website\",\"url\":\"https:\\\/\\\/fenixcargo.nl\\\/pl\\\/\",\"name\":\"Fenix Cargo\",\"description\":\"Your best cargo partner\",\"publisher\":{\"@id\":\"https:\\\/\\\/fenixcargo.nl\\\/pl\\\/#organization\"},\"potentialAction\":[{\"@type\":\"SearchAction\",\"target\":{\"@type\":\"EntryPoint\",\"urlTemplate\":\"https:\\\/\\\/fenixcargo.nl\\\/pl\\\/?s={search_term_string}\"},\"query-input\":{\"@type\":\"PropertyValueSpecification\",\"valueRequired\":true,\"valueName\":\"search_term_string\"}}],\"inLanguage\":\"pl-PL\"},{\"@type\":\"Organization\",\"@id\":\"https:\\\/\\\/fenixcargo.nl\\\/pl\\\/#organization\",\"name\":\"Fenix Cargo\",\"url\":\"https:\\\/\\\/fenixcargo.nl\\\/pl\\\/\",\"logo\":{\"@type\":\"ImageObject\",\"inLanguage\":\"pl-PL\",\"@id\":\"https:\\\/\\\/fenixcargo.nl\\\/pl\\\/#\\\/schema\\\/logo\\\/image\\\/\",\"url\":\"https:\\\/\\\/fenixcargo.nl\\\/wp-content\\\/uploads\\\/2025\\\/10\\\/Baltas-2-1.svg\",\"contentUrl\":\"https:\\\/\\\/fenixcargo.nl\\\/wp-content\\\/uploads\\\/2025\\\/10\\\/Baltas-2-1.svg\",\"width\":570,\"height\":120,\"caption\":\"Fenix Cargo\"},\"image\":{\"@id\":\"https:\\\/\\\/fenixcargo.nl\\\/pl\\\/#\\\/schema\\\/logo\\\/image\\\/\"}}]}<\/script>\n<!-- \/ Yoast SEO plugin. -->","yoast_head_json":{"title":"Zasady wysy\u0142ki i dostawy - Fenix Cargo","robots":{"index":"index","follow":"follow","max-snippet":"max-snippet:-1","max-image-preview":"max-image-preview:large","max-video-preview":"max-video-preview:-1"},"canonical":"https:\/\/fenixcargo.nl\/pl\/regulamin-dostaw\/","og_locale":"pl_PL","og_type":"article","og_title":"Zasady wysy\u0142ki i dostawy - Fenix Cargo","og_description":"Zasady wysy\u0142ki i dostawy Potrzebujesz pomocy? +31 639541291 info@fenixcargo.nl Ostatnia aktualizacja 10 pa\u017adziernika 2025 r. Przy zakupie naszych produkt\u00f3w prosimy o uwa\u017cne zapoznanie si\u0119 z naszymi Zasadami wysy\u0142ki i dostawy. Polityka ta b\u0119dzie mia\u0142a zastosowanie do ka\u017cdego zam\u00f3wienia z\u0142o\u017conego u nas. 1. Stawki i koszty wysy\u0142ki Jakie s\u0105 opcje wysy\u0142ki i dostawy? Oferujemy r\u00f3\u017cne opcje [&hellip;]","og_url":"https:\/\/fenixcargo.nl\/pl\/regulamin-dostaw\/","og_site_name":"Fenix Cargo","article_modified_time":"2025-10-10T12:37:41+00:00","twitter_card":"summary_large_image","twitter_misc":{"Szacowany czas czytania":"3 minuty"},"schema":{"@context":"https:\/\/schema.org","@graph":[{"@type":"WebPage","@id":"https:\/\/fenixcargo.nl\/pl\/regulamin-dostaw\/","url":"https:\/\/fenixcargo.nl\/pl\/regulamin-dostaw\/","name":"Zasady wysy\u0142ki i dostawy - Fenix Cargo","isPartOf":{"@id":"https:\/\/fenixcargo.nl\/pl\/#website"},"datePublished":"2023-07-05T10:45:20+00:00","dateModified":"2025-10-10T12:37:41+00:00","breadcrumb":{"@id":"https:\/\/fenixcargo.nl\/pl\/regulamin-dostaw\/#breadcrumb"},"inLanguage":"pl-PL","potentialAction":[{"@type":"ReadAction","target":["https:\/\/fenixcargo.nl\/pl\/regulamin-dostaw\/"]}]},{"@type":"BreadcrumbList","@id":"https:\/\/fenixcargo.nl\/pl\/regulamin-dostaw\/#breadcrumb","itemListElement":[{"@type":"ListItem","position":1,"name":"Home","item":"https:\/\/fenixcargo.nl\/pl\/"},{"@type":"ListItem","position":2,"name":"Zasady wysy\u0142ki i dostawy"}]},{"@type":"WebSite","@id":"https:\/\/fenixcargo.nl\/pl\/#website","url":"https:\/\/fenixcargo.nl\/pl\/","name":"Fenix Cargo","description":"Your best cargo partner","publisher":{"@id":"https:\/\/fenixcargo.nl\/pl\/#organization"},"potentialAction":[{"@type":"SearchAction","target":{"@type":"EntryPoint","urlTemplate":"https:\/\/fenixcargo.nl\/pl\/?s={search_term_string}"},"query-input":{"@type":"PropertyValueSpecification","valueRequired":true,"valueName":"search_term_string"}}],"inLanguage":"pl-PL"},{"@type":"Organization","@id":"https:\/\/fenixcargo.nl\/pl\/#organization","name":"Fenix Cargo","url":"https:\/\/fenixcargo.nl\/pl\/","logo":{"@type":"ImageObject","inLanguage":"pl-PL","@id":"https:\/\/fenixcargo.nl\/pl\/#\/schema\/logo\/image\/","url":"https:\/\/fenixcargo.nl\/wp-content\/uploads\/2025\/10\/Baltas-2-1.svg","contentUrl":"https:\/\/fenixcargo.nl\/wp-content\/uploads\/2025\/10\/Baltas-2-1.svg","width":570,"height":120,"caption":"Fenix Cargo"},"image":{"@id":"https:\/\/fenixcargo.nl\/pl\/#\/schema\/logo\/image\/"}}]}},"_links":{"self":[{"href":"https:\/\/fenixcargo.nl\/pl\/wp-json\/wp\/v2\/pages\/3879","targetHints":{"allow":["GET"]}}],"collection":[{"href":"https:\/\/fenixcargo.nl\/pl\/wp-json\/wp\/v2\/pages"}],"about":[{"href":"https:\/\/fenixcargo.nl\/pl\/wp-json\/wp\/v2\/types\/page"}],"author":[{"embeddable":true,"href":"https:\/\/fenixcargo.nl\/pl\/wp-json\/wp\/v2\/users\/1"}],"replies":[{"embeddable":true,"href":"https:\/\/fenixcargo.nl\/pl\/wp-json\/wp\/v2\/comments?post=3879"}],"version-history":[{"count":7,"href":"https:\/\/fenixcargo.nl\/pl\/wp-json\/wp\/v2\/pages\/3879\/revisions"}],"predecessor-version":[{"id":6470,"href":"https:\/\/fenixcargo.nl\/pl\/wp-json\/wp\/v2\/pages\/3879\/revisions\/6470"}],"wp:attachment":[{"href":"https:\/\/fenixcargo.nl\/pl\/wp-json\/wp\/v2\/media?parent=3879"}],"curies":[{"name":"wp","href":"https:\/\/api.w.org\/{rel}","templated":true}]}}