{"id":3818,"date":"2023-06-18T16:23:50","date_gmt":"2023-06-18T16:23:50","guid":{"rendered":"https:\/\/fenixcargo.nl\/support\/"},"modified":"2025-06-25T14:29:30","modified_gmt":"2025-06-25T14:29:30","slug":"pomoc","status":"publish","type":"page","link":"https:\/\/fenixcargo.nl\/pl\/pomoc\/","title":{"rendered":"Wsparcie"},"content":{"rendered":"\t\t<div data-elementor-type=\"wp-page\" data-elementor-id=\"3818\" class=\"elementor elementor-3818 elementor-1757\" data-elementor-post-type=\"page\">\n\t\t\t\t\t\t<section class=\"elementor-section elementor-top-section elementor-element elementor-element-c86098b elementor-section-content-bottom elementor-section-boxed elementor-section-height-default elementor-section-height-default\" data-id=\"c86098b\" data-element_type=\"section\" data-e-type=\"section\" data-settings=\"{&quot;background_background&quot;:&quot;classic&quot;}\">\n\t\t\t\t\t\t\t<div class=\"elementor-background-overlay\"><\/div>\n\t\t\t\t\t\t\t<div class=\"elementor-container elementor-column-gap-no\">\n\t\t\t\t\t<div class=\"elementor-column elementor-col-50 elementor-top-column elementor-element elementor-element-5d6b142\" data-id=\"5d6b142\" data-element_type=\"column\" data-e-type=\"column\">\n\t\t\t<div class=\"elementor-widget-wrap elementor-element-populated\">\n\t\t\t\t\t\t<div class=\"elementor-element elementor-element-e9b864f elementor-widget elementor-widget-heading\" data-id=\"e9b864f\" data-element_type=\"widget\" data-e-type=\"widget\" data-widget_type=\"heading.default\">\n\t\t\t\t<div class=\"elementor-widget-container\">\n\t\t\t\t\t<h1 class=\"elementor-heading-title elementor-size-default\">Wsparcie<\/h1>\t\t\t\t<\/div>\n\t\t\t\t<\/div>\n\t\t\t\t\t<\/div>\n\t\t<\/div>\n\t\t\t\t<div class=\"elementor-column elementor-col-50 elementor-top-column elementor-element elementor-element-972db44\" data-id=\"972db44\" data-element_type=\"column\" data-e-type=\"column\">\n\t\t\t<div class=\"elementor-widget-wrap elementor-element-populated\">\n\t\t\t\t\t\t<div class=\"elementor-element elementor-element-fb3f110 elementor-widget elementor-widget-heading\" data-id=\"fb3f110\" data-element_type=\"widget\" data-e-type=\"widget\" data-widget_type=\"heading.default\">\n\t\t\t\t<div class=\"elementor-widget-container\">\n\t\t\t\t\t<h6 class=\"elementor-heading-title elementor-size-default\">Potrzebujesz pomocy?<\/h6>\t\t\t\t<\/div>\n\t\t\t\t<\/div>\n\t\t\t\t<div class=\"elementor-element elementor-element-df7fb47 elementor-align-end elementor-mobile-align-start elementor-icon-list--layout-inline elementor-list-item-link-full_width elementor-widget elementor-widget-global elementor-global-2132 elementor-widget-icon-list\" data-id=\"df7fb47\" data-element_type=\"widget\" data-e-type=\"widget\" data-widget_type=\"icon-list.default\">\n\t\t\t\t<div class=\"elementor-widget-container\">\n\t\t\t\t\t\t\t<ul class=\"elementor-icon-list-items elementor-inline-items\">\n\t\t\t\t\t\t\t<li class=\"elementor-icon-list-item elementor-inline-item\">\n\t\t\t\t\t\t\t\t\t\t\t<a href=\"tel:+31639541291\">\n\n\t\t\t\t\t\t\t\t\t\t\t\t<span class=\"elementor-icon-list-icon\">\n\t\t\t\t\t\t\t<i aria-hidden=\"true\" class=\"fas fa-phone\"><\/i>\t\t\t\t\t\t<\/span>\n\t\t\t\t\t\t\t\t\t\t<span class=\"elementor-icon-list-text\">+31 639541291<\/span>\n\t\t\t\t\t\t\t\t\t\t\t<\/a>\n\t\t\t\t\t\t\t\t\t<\/li>\n\t\t\t\t\t\t\t\t<li class=\"elementor-icon-list-item elementor-inline-item\">\n\t\t\t\t\t\t\t\t\t\t\t<a href=\"mailto:info@fenixcargo.nl\">\n\n\t\t\t\t\t\t\t\t\t\t\t\t<span class=\"elementor-icon-list-icon\">\n\t\t\t\t\t\t\t<i aria-hidden=\"true\" class=\"fas fa-envelope\"><\/i>\t\t\t\t\t\t<\/span>\n\t\t\t\t\t\t\t\t\t\t<span class=\"elementor-icon-list-text\">info@fenixcargo.nl<\/span>\n\t\t\t\t\t\t\t\t\t\t\t<\/a>\n\t\t\t\t\t\t\t\t\t<\/li>\n\t\t\t\t\t\t<\/ul>\n\t\t\t\t\t\t<\/div>\n\t\t\t\t<\/div>\n\t\t\t\t\t<\/div>\n\t\t<\/div>\n\t\t\t\t\t<\/div>\n\t\t<\/section>\n\t\t\t\t<section class=\"elementor-section elementor-top-section elementor-element elementor-element-4e2bf65 elementor-section-boxed elementor-section-height-default elementor-section-height-default\" data-id=\"4e2bf65\" data-element_type=\"section\" data-e-type=\"section\" data-settings=\"{&quot;background_background&quot;:&quot;classic&quot;}\">\n\t\t\t\t\t\t<div class=\"elementor-container elementor-column-gap-no\">\n\t\t\t\t\t<div class=\"elementor-column elementor-col-33 elementor-top-column elementor-element elementor-element-0dd14fc\" data-id=\"0dd14fc\" data-element_type=\"column\" data-e-type=\"column\">\n\t\t\t<div class=\"elementor-widget-wrap elementor-element-populated\">\n\t\t\t\t\t\t<div class=\"elementor-element elementor-element-42cc160 elementor-widget elementor-widget-heading\" data-id=\"42cc160\" data-element_type=\"widget\" data-e-type=\"widget\" data-widget_type=\"heading.default\">\n\t\t\t\t<div class=\"elementor-widget-container\">\n\t\t\t\t\t<h2 class=\"elementor-heading-title elementor-size-default\">Wybierz typ wsparcia<\/h2>\t\t\t\t<\/div>\n\t\t\t\t<\/div>\n\t\t\t\t<div class=\"elementor-element elementor-element-f68bd17 elementor-widget-divider--view-line elementor-widget elementor-widget-divider\" data-id=\"f68bd17\" data-element_type=\"widget\" data-e-type=\"widget\" data-widget_type=\"divider.default\">\n\t\t\t\t<div class=\"elementor-widget-container\">\n\t\t\t\t\t\t\t<div class=\"elementor-divider\">\n\t\t\t<span class=\"elementor-divider-separator\">\n\t\t\t\t\t\t<\/span>\n\t\t<\/div>\n\t\t\t\t\t\t<\/div>\n\t\t\t\t<\/div>\n\t\t\t\t<div class=\"elementor-element elementor-element-506b5dc elementor-widget elementor-widget-text-editor\" data-id=\"506b5dc\" data-element_type=\"widget\" data-e-type=\"widget\" data-widget_type=\"text-editor.default\">\n\t\t\t\t<div class=\"elementor-widget-container\">\n\t\t\t\t\t\t\t\t\t<p>Tutaj znajdziesz zasoby i pomoc, kt\u00f3rych potrzebujesz, aby jak najlepiej wykorzysta\u0107 swoje do\u015bwiadczenie z naszymi us\u0142ugami.<\/p><p><span data-sheets-value=\"{\"1\":2,\"2\":\"If you prefer direct interaction, our dedicated support team is just a few clicks away. You can reach out to us via our contact form, where you can submit your inquiries or requests. Rest assured, our team will promptly respond with personalized assistance to address your specific needs.\"}\" data-sheets-userformat=\"{\"2\":769,\"3\":{\"1\":0},\"11\":4,\"12\":0}\">Je\u015bli wolisz bezpo\u015bredni\u0105 interakcj\u0119, mo\u017cesz skontaktowa\u0107 si\u0119 z nami za po\u015brednictwem naszego formularza kontaktowego. Zapewniamy, \u017ce nasz zesp\u00f3\u0142 niezw\u0142ocznie udzieli spersonalizowanej pomocy w celu zaspokojenia konkretnych potrzeb. <\/span><\/p>\t\t\t\t\t\t\t\t<\/div>\n\t\t\t\t<\/div>\n\t\t\t\t\t<\/div>\n\t\t<\/div>\n\t\t\t\t<div class=\"elementor-column elementor-col-33 elementor-top-column elementor-element elementor-element-b4636c2\" data-id=\"b4636c2\" data-element_type=\"column\" data-e-type=\"column\">\n\t\t\t<div class=\"elementor-widget-wrap elementor-element-populated\">\n\t\t\t\t\t\t<div class=\"elementor-element elementor-element-e629ac0 elementor-align-start elementor-icon-list--layout-traditional elementor-list-item-link-full_width elementor-widget elementor-widget-icon-list\" data-id=\"e629ac0\" data-element_type=\"widget\" data-e-type=\"widget\" data-widget_type=\"icon-list.default\">\n\t\t\t\t<div class=\"elementor-widget-container\">\n\t\t\t\t\t\t\t<ul class=\"elementor-icon-list-items\">\n\t\t\t\t\t\t\t<li class=\"elementor-icon-list-item\">\n\t\t\t\t\t\t\t\t\t\t\t<a href=\"https:\/\/fenixcargo.nl\/pl\/pomoc\/jak-to-dziala\/\">\n\n\t\t\t\t\t\t\t\t\t\t\t\t<span class=\"elementor-icon-list-icon\">\n\t\t\t\t\t\t\t<i aria-hidden=\"true\" class=\"fas fa-minus\"><\/i>\t\t\t\t\t\t<\/span>\n\t\t\t\t\t\t\t\t\t\t<span class=\"elementor-icon-list-text\">Jak to dzia\u0142a<\/span>\n\t\t\t\t\t\t\t\t\t\t\t<\/a>\n\t\t\t\t\t\t\t\t\t<\/li>\n\t\t\t\t\t\t\t\t<li class=\"elementor-icon-list-item\">\n\t\t\t\t\t\t\t\t\t\t\t<a href=\"https:\/\/fenixcargo.nl\/pl\/pomoc\/czesto-zadawane-pytania\/\">\n\n\t\t\t\t\t\t\t\t\t\t\t\t<span class=\"elementor-icon-list-icon\">\n\t\t\t\t\t\t\t<i aria-hidden=\"true\" class=\"fas fa-minus\"><\/i>\t\t\t\t\t\t<\/span>\n\t\t\t\t\t\t\t\t\t\t<span class=\"elementor-icon-list-text\">FAQ<\/span>\n\t\t\t\t\t\t\t\t\t\t\t<\/a>\n\t\t\t\t\t\t\t\t\t<\/li>\n\t\t\t\t\t\t<\/ul>\n\t\t\t\t\t\t<\/div>\n\t\t\t\t<\/div>\n\t\t\t\t\t<\/div>\n\t\t<\/div>\n\t\t\t\t<div class=\"elementor-column elementor-col-33 elementor-top-column elementor-element elementor-element-9415052\" data-id=\"9415052\" data-element_type=\"column\" data-e-type=\"column\">\n\t\t\t<div class=\"elementor-widget-wrap elementor-element-populated\">\n\t\t\t\t\t\t<div class=\"elementor-element elementor-element-0c2ed6d elementor-widget elementor-widget-image-gallery\" data-id=\"0c2ed6d\" data-element_type=\"widget\" data-e-type=\"widget\" data-widget_type=\"image-gallery.default\">\n\t\t\t\t<div class=\"elementor-widget-container\">\n\t\t\t\t\t\t\t<div class=\"elementor-image-gallery\">\n\t\t\t<div id='gallery-1' class='gallery galleryid-3818 gallery-columns-1 gallery-size-full'><figure class='gallery-item'>\n\t\t\t<div class='gallery-icon landscape'>\n\t\t\t\t<img fetchpriority=\"high\" decoding=\"async\" width=\"1024\" height=\"768\" src=\"https:\/\/fenixcargo.nl\/wp-content\/uploads\/2023\/07\/Warehouse-office-1.jpeg\" class=\"attachment-full size-full\" alt=\"\" srcset=\"https:\/\/fenixcargo.nl\/wp-content\/uploads\/2023\/07\/Warehouse-office-1.jpeg 1024w, https:\/\/fenixcargo.nl\/wp-content\/uploads\/2023\/07\/Warehouse-office-1-300x225.jpeg 300w, https:\/\/fenixcargo.nl\/wp-content\/uploads\/2023\/07\/Warehouse-office-1-768x576.jpeg 768w\" sizes=\"(max-width: 1024px) 100vw, 1024px\" \/>\n\t\t\t<\/div><\/figure>\n\t\t<\/div>\n\t\t<\/div>\n\t\t\t\t\t\t<\/div>\n\t\t\t\t<\/div>\n\t\t\t\t\t<\/div>\n\t\t<\/div>\n\t\t\t\t\t<\/div>\n\t\t<\/section>\n\t\t\t\t<section class=\"elementor-section elementor-top-section elementor-element elementor-element-098a1c0 elementor-section-content-middle elementor-section-boxed elementor-section-height-default elementor-section-height-default\" data-id=\"098a1c0\" data-element_type=\"section\" data-e-type=\"section\" data-settings=\"{&quot;background_background&quot;:&quot;classic&quot;}\">\n\t\t\t\t\t\t\t<div class=\"elementor-background-overlay\"><\/div>\n\t\t\t\t\t\t\t<div class=\"elementor-container elementor-column-gap-no\">\n\t\t\t\t\t<div class=\"elementor-column elementor-col-100 elementor-top-column elementor-element elementor-element-6483765\" data-id=\"6483765\" data-element_type=\"column\" data-e-type=\"column\" data-settings=\"{&quot;background_background&quot;:&quot;classic&quot;}\">\n\t\t\t<div class=\"elementor-widget-wrap elementor-element-populated\">\n\t\t\t\t\t\t<div class=\"elementor-element elementor-element-8e515bc elementor-widget elementor-widget-heading\" data-id=\"8e515bc\" data-element_type=\"widget\" data-e-type=\"widget\" data-widget_type=\"heading.default\">\n\t\t\t\t<div class=\"elementor-widget-container\">\n\t\t\t\t\t<h3 class=\"elementor-heading-title elementor-size-default\">Potrzebujesz pomocy?<\/h3>\t\t\t\t<\/div>\n\t\t\t\t<\/div>\n\t\t\t\t<div class=\"elementor-element elementor-element-0c0d29c elementor-widget-divider--view-line elementor-widget elementor-widget-divider\" data-id=\"0c0d29c\" data-element_type=\"widget\" data-e-type=\"widget\" data-widget_type=\"divider.default\">\n\t\t\t\t<div class=\"elementor-widget-container\">\n\t\t\t\t\t\t\t<div class=\"elementor-divider\">\n\t\t\t<span class=\"elementor-divider-separator\">\n\t\t\t\t\t\t<\/span>\n\t\t<\/div>\n\t\t\t\t\t\t<\/div>\n\t\t\t\t<\/div>\n\t\t\t\t<div class=\"elementor-element elementor-element-80925b9 elementor-mobile-align-center elementor-icon-list--layout-traditional elementor-list-item-link-full_width elementor-widget elementor-widget-global elementor-global-2208 elementor-widget-icon-list\" data-id=\"80925b9\" data-element_type=\"widget\" data-e-type=\"widget\" data-widget_type=\"icon-list.default\">\n\t\t\t\t<div class=\"elementor-widget-container\">\n\t\t\t\t\t\t\t<ul class=\"elementor-icon-list-items\">\n\t\t\t\t\t\t\t<li class=\"elementor-icon-list-item\">\n\t\t\t\t\t\t\t\t\t\t\t<a href=\"tel:+31639541291\">\n\n\t\t\t\t\t\t\t\t\t\t\t\t<span class=\"elementor-icon-list-icon\">\n\t\t\t\t\t\t\t<i aria-hidden=\"true\" class=\"fas fa-phone\"><\/i>\t\t\t\t\t\t<\/span>\n\t\t\t\t\t\t\t\t\t\t<span class=\"elementor-icon-list-text\">+31 639541291<\/span>\n\t\t\t\t\t\t\t\t\t\t\t<\/a>\n\t\t\t\t\t\t\t\t\t<\/li>\n\t\t\t\t\t\t\t\t<li class=\"elementor-icon-list-item\">\n\t\t\t\t\t\t\t\t\t\t\t<a href=\"mailto:info@fenixcargo.nl\">\n\n\t\t\t\t\t\t\t\t\t\t\t\t<span class=\"elementor-icon-list-icon\">\n\t\t\t\t\t\t\t<i aria-hidden=\"true\" class=\"fas fa-envelope\"><\/i>\t\t\t\t\t\t<\/span>\n\t\t\t\t\t\t\t\t\t\t<span class=\"elementor-icon-list-text\">info@fenixcargo.nl<\/span>\n\t\t\t\t\t\t\t\t\t\t\t<\/a>\n\t\t\t\t\t\t\t\t\t<\/li>\n\t\t\t\t\t\t<\/ul>\n\t\t\t\t\t\t<\/div>\n\t\t\t\t<\/div>\n\t\t\t\t\t<\/div>\n\t\t<\/div>\n\t\t\t\t\t<\/div>\n\t\t<\/section>\n\t\t\t\t<\/div>\n\t\t","protected":false},"excerpt":{"rendered":"<p>Wsparcie Potrzebujesz pomocy? +31 639541291 info@fenixcargo.nl Wybierz typ wsparcia Tutaj znajdziesz zasoby i pomoc, kt\u00f3rych potrzebujesz, aby jak najlepiej wykorzysta\u0107 swoje do\u015bwiadczenie z naszymi us\u0142ugami. Je\u015bli wolisz bezpo\u015bredni\u0105 interakcj\u0119, mo\u017cesz skontaktowa\u0107 si\u0119 z nami za po\u015brednictwem naszego formularza kontaktowego. Zapewniamy, \u017ce nasz zesp\u00f3\u0142 niezw\u0142ocznie udzieli spersonalizowanej pomocy w celu zaspokojenia konkretnych potrzeb. Jak to dzia\u0142a [&hellip;]<\/p>\n","protected":false},"author":1,"featured_media":0,"parent":0,"menu_order":0,"comment_status":"closed","ping_status":"closed","template":"elementor_header_footer","meta":{"site-sidebar-layout":"no-sidebar","site-content-layout":"page-builder","ast-site-content-layout":"default","site-content-style":"default","site-sidebar-style":"default","ast-global-header-display":"","ast-banner-title-visibility":"","ast-main-header-display":"","ast-hfb-above-header-display":"","ast-hfb-below-header-display":"","ast-hfb-mobile-header-display":"","site-post-title":"disabled","ast-breadcrumbs-content":"","ast-featured-img":"disabled","footer-sml-layout":"","ast-disable-related-posts":"","theme-transparent-header-meta":"enabled","adv-header-id-meta":"","stick-header-meta":"","header-above-stick-meta":"","header-main-stick-meta":"","header-below-stick-meta":"","astra-migrate-meta-layouts":"default","ast-page-background-enabled":"default","ast-page-background-meta":{"desktop":{"background-color":"","background-image":"","background-repeat":"repeat","background-position":"center center","background-size":"auto","background-attachment":"scroll","background-type":"","background-media":"","overlay-type":"","overlay-color":"","overlay-opacity":"","overlay-gradient":""},"tablet":{"background-color":"","background-image":"","background-repeat":"repeat","background-position":"center center","background-size":"auto","background-attachment":"scroll","background-type":"","background-media":"","overlay-type":"","overlay-color":"","overlay-opacity":"","overlay-gradient":""},"mobile":{"background-color":"","background-image":"","background-repeat":"repeat","background-position":"center center","background-size":"auto","background-attachment":"scroll","background-type":"","background-media":"","overlay-type":"","overlay-color":"","overlay-opacity":"","overlay-gradient":""}},"ast-content-background-meta":{"desktop":{"background-color":"var(--ast-global-color-5)","background-image":"","background-repeat":"repeat","background-position":"center center","background-size":"auto","background-attachment":"scroll","background-type":"","background-media":"","overlay-type":"","overlay-color":"","overlay-opacity":"","overlay-gradient":""},"tablet":{"background-color":"var(--ast-global-color-5)","background-image":"","background-repeat":"repeat","background-position":"center center","background-size":"auto","background-attachment":"scroll","background-type":"","background-media":"","overlay-type":"","overlay-color":"","overlay-opacity":"","overlay-gradient":""},"mobile":{"background-color":"var(--ast-global-color-5)","background-image":"","background-repeat":"repeat","background-position":"center center","background-size":"auto","background-attachment":"scroll","background-type":"","background-media":"","overlay-type":"","overlay-color":"","overlay-opacity":"","overlay-gradient":""}},"footnotes":""},"class_list":["post-3818","page","type-page","status-publish","hentry"],"yoast_head":"<!-- This site is optimized with the Yoast SEO plugin v27.4 - https:\/\/yoast.com\/product\/yoast-seo-wordpress\/ -->\n<title>Wsparcie - Fenix Cargo<\/title>\n<meta name=\"robots\" content=\"index, follow, max-snippet:-1, max-image-preview:large, max-video-preview:-1\" \/>\n<link rel=\"canonical\" href=\"https:\/\/fenixcargo.nl\/pl\/pomoc\/\" \/>\n<meta property=\"og:locale\" content=\"pl_PL\" \/>\n<meta property=\"og:type\" content=\"article\" \/>\n<meta property=\"og:title\" content=\"Wsparcie - Fenix Cargo\" \/>\n<meta property=\"og:description\" content=\"Wsparcie Potrzebujesz pomocy? +31 639541291 info@fenixcargo.nl Wybierz typ wsparcia Tutaj znajdziesz zasoby i pomoc, kt\u00f3rych potrzebujesz, aby jak najlepiej wykorzysta\u0107 swoje do\u015bwiadczenie z naszymi us\u0142ugami. Je\u015bli wolisz bezpo\u015bredni\u0105 interakcj\u0119, mo\u017cesz skontaktowa\u0107 si\u0119 z nami za po\u015brednictwem naszego formularza kontaktowego. Zapewniamy, \u017ce nasz zesp\u00f3\u0142 niezw\u0142ocznie udzieli spersonalizowanej pomocy w celu zaspokojenia konkretnych potrzeb. Jak to dzia\u0142a [&hellip;]\" \/>\n<meta property=\"og:url\" content=\"https:\/\/fenixcargo.nl\/pl\/pomoc\/\" \/>\n<meta property=\"og:site_name\" content=\"Fenix Cargo\" \/>\n<meta property=\"article:modified_time\" content=\"2025-06-25T14:29:30+00:00\" \/>\n<meta property=\"og:image\" content=\"https:\/\/fenixcargo.nl\/wp-content\/uploads\/2023\/07\/Warehouse-office-1.jpeg\" \/>\n<meta name=\"twitter:card\" content=\"summary_large_image\" \/>\n<meta name=\"twitter:label1\" content=\"Szacowany czas czytania\" \/>\n\t<meta name=\"twitter:data1\" content=\"1 minuta\" \/>\n<script type=\"application\/ld+json\" class=\"yoast-schema-graph\">{\"@context\":\"https:\\\/\\\/schema.org\",\"@graph\":[{\"@type\":\"WebPage\",\"@id\":\"https:\\\/\\\/fenixcargo.nl\\\/pl\\\/pomoc\\\/\",\"url\":\"https:\\\/\\\/fenixcargo.nl\\\/pl\\\/pomoc\\\/\",\"name\":\"Wsparcie - Fenix Cargo\",\"isPartOf\":{\"@id\":\"https:\\\/\\\/fenixcargo.nl\\\/pl\\\/#website\"},\"primaryImageOfPage\":{\"@id\":\"https:\\\/\\\/fenixcargo.nl\\\/pl\\\/pomoc\\\/#primaryimage\"},\"image\":{\"@id\":\"https:\\\/\\\/fenixcargo.nl\\\/pl\\\/pomoc\\\/#primaryimage\"},\"thumbnailUrl\":\"https:\\\/\\\/fenixcargo.nl\\\/wp-content\\\/uploads\\\/2023\\\/07\\\/Warehouse-office-1.jpeg\",\"datePublished\":\"2023-06-18T16:23:50+00:00\",\"dateModified\":\"2025-06-25T14:29:30+00:00\",\"breadcrumb\":{\"@id\":\"https:\\\/\\\/fenixcargo.nl\\\/pl\\\/pomoc\\\/#breadcrumb\"},\"inLanguage\":\"pl-PL\",\"potentialAction\":[{\"@type\":\"ReadAction\",\"target\":[\"https:\\\/\\\/fenixcargo.nl\\\/pl\\\/pomoc\\\/\"]}]},{\"@type\":\"ImageObject\",\"inLanguage\":\"pl-PL\",\"@id\":\"https:\\\/\\\/fenixcargo.nl\\\/pl\\\/pomoc\\\/#primaryimage\",\"url\":\"https:\\\/\\\/fenixcargo.nl\\\/wp-content\\\/uploads\\\/2023\\\/07\\\/Warehouse-office-1.jpeg\",\"contentUrl\":\"https:\\\/\\\/fenixcargo.nl\\\/wp-content\\\/uploads\\\/2023\\\/07\\\/Warehouse-office-1.jpeg\"},{\"@type\":\"BreadcrumbList\",\"@id\":\"https:\\\/\\\/fenixcargo.nl\\\/pl\\\/pomoc\\\/#breadcrumb\",\"itemListElement\":[{\"@type\":\"ListItem\",\"position\":1,\"name\":\"Home\",\"item\":\"https:\\\/\\\/fenixcargo.nl\\\/pl\\\/\"},{\"@type\":\"ListItem\",\"position\":2,\"name\":\"Wsparcie\"}]},{\"@type\":\"WebSite\",\"@id\":\"https:\\\/\\\/fenixcargo.nl\\\/pl\\\/#website\",\"url\":\"https:\\\/\\\/fenixcargo.nl\\\/pl\\\/\",\"name\":\"Fenix Cargo\",\"description\":\"Your best cargo partner\",\"publisher\":{\"@id\":\"https:\\\/\\\/fenixcargo.nl\\\/pl\\\/#organization\"},\"potentialAction\":[{\"@type\":\"SearchAction\",\"target\":{\"@type\":\"EntryPoint\",\"urlTemplate\":\"https:\\\/\\\/fenixcargo.nl\\\/pl\\\/?s={search_term_string}\"},\"query-input\":{\"@type\":\"PropertyValueSpecification\",\"valueRequired\":true,\"valueName\":\"search_term_string\"}}],\"inLanguage\":\"pl-PL\"},{\"@type\":\"Organization\",\"@id\":\"https:\\\/\\\/fenixcargo.nl\\\/pl\\\/#organization\",\"name\":\"Fenix Cargo\",\"url\":\"https:\\\/\\\/fenixcargo.nl\\\/pl\\\/\",\"logo\":{\"@type\":\"ImageObject\",\"inLanguage\":\"pl-PL\",\"@id\":\"https:\\\/\\\/fenixcargo.nl\\\/pl\\\/#\\\/schema\\\/logo\\\/image\\\/\",\"url\":\"https:\\\/\\\/fenixcargo.nl\\\/wp-content\\\/uploads\\\/2025\\\/10\\\/Baltas-2-1.svg\",\"contentUrl\":\"https:\\\/\\\/fenixcargo.nl\\\/wp-content\\\/uploads\\\/2025\\\/10\\\/Baltas-2-1.svg\",\"width\":570,\"height\":120,\"caption\":\"Fenix Cargo\"},\"image\":{\"@id\":\"https:\\\/\\\/fenixcargo.nl\\\/pl\\\/#\\\/schema\\\/logo\\\/image\\\/\"}}]}<\/script>\n<!-- \/ Yoast SEO plugin. -->","yoast_head_json":{"title":"Wsparcie - Fenix Cargo","robots":{"index":"index","follow":"follow","max-snippet":"max-snippet:-1","max-image-preview":"max-image-preview:large","max-video-preview":"max-video-preview:-1"},"canonical":"https:\/\/fenixcargo.nl\/pl\/pomoc\/","og_locale":"pl_PL","og_type":"article","og_title":"Wsparcie - Fenix Cargo","og_description":"Wsparcie Potrzebujesz pomocy? +31 639541291 info@fenixcargo.nl Wybierz typ wsparcia Tutaj znajdziesz zasoby i pomoc, kt\u00f3rych potrzebujesz, aby jak najlepiej wykorzysta\u0107 swoje do\u015bwiadczenie z naszymi us\u0142ugami. Je\u015bli wolisz bezpo\u015bredni\u0105 interakcj\u0119, mo\u017cesz skontaktowa\u0107 si\u0119 z nami za po\u015brednictwem naszego formularza kontaktowego. Zapewniamy, \u017ce nasz zesp\u00f3\u0142 niezw\u0142ocznie udzieli spersonalizowanej pomocy w celu zaspokojenia konkretnych potrzeb. Jak to dzia\u0142a [&hellip;]","og_url":"https:\/\/fenixcargo.nl\/pl\/pomoc\/","og_site_name":"Fenix Cargo","article_modified_time":"2025-06-25T14:29:30+00:00","og_image":[{"url":"https:\/\/fenixcargo.nl\/wp-content\/uploads\/2023\/07\/Warehouse-office-1.jpeg","type":"","width":"","height":""}],"twitter_card":"summary_large_image","twitter_misc":{"Szacowany czas czytania":"1 minuta"},"schema":{"@context":"https:\/\/schema.org","@graph":[{"@type":"WebPage","@id":"https:\/\/fenixcargo.nl\/pl\/pomoc\/","url":"https:\/\/fenixcargo.nl\/pl\/pomoc\/","name":"Wsparcie - Fenix Cargo","isPartOf":{"@id":"https:\/\/fenixcargo.nl\/pl\/#website"},"primaryImageOfPage":{"@id":"https:\/\/fenixcargo.nl\/pl\/pomoc\/#primaryimage"},"image":{"@id":"https:\/\/fenixcargo.nl\/pl\/pomoc\/#primaryimage"},"thumbnailUrl":"https:\/\/fenixcargo.nl\/wp-content\/uploads\/2023\/07\/Warehouse-office-1.jpeg","datePublished":"2023-06-18T16:23:50+00:00","dateModified":"2025-06-25T14:29:30+00:00","breadcrumb":{"@id":"https:\/\/fenixcargo.nl\/pl\/pomoc\/#breadcrumb"},"inLanguage":"pl-PL","potentialAction":[{"@type":"ReadAction","target":["https:\/\/fenixcargo.nl\/pl\/pomoc\/"]}]},{"@type":"ImageObject","inLanguage":"pl-PL","@id":"https:\/\/fenixcargo.nl\/pl\/pomoc\/#primaryimage","url":"https:\/\/fenixcargo.nl\/wp-content\/uploads\/2023\/07\/Warehouse-office-1.jpeg","contentUrl":"https:\/\/fenixcargo.nl\/wp-content\/uploads\/2023\/07\/Warehouse-office-1.jpeg"},{"@type":"BreadcrumbList","@id":"https:\/\/fenixcargo.nl\/pl\/pomoc\/#breadcrumb","itemListElement":[{"@type":"ListItem","position":1,"name":"Home","item":"https:\/\/fenixcargo.nl\/pl\/"},{"@type":"ListItem","position":2,"name":"Wsparcie"}]},{"@type":"WebSite","@id":"https:\/\/fenixcargo.nl\/pl\/#website","url":"https:\/\/fenixcargo.nl\/pl\/","name":"Fenix Cargo","description":"Your best cargo partner","publisher":{"@id":"https:\/\/fenixcargo.nl\/pl\/#organization"},"potentialAction":[{"@type":"SearchAction","target":{"@type":"EntryPoint","urlTemplate":"https:\/\/fenixcargo.nl\/pl\/?s={search_term_string}"},"query-input":{"@type":"PropertyValueSpecification","valueRequired":true,"valueName":"search_term_string"}}],"inLanguage":"pl-PL"},{"@type":"Organization","@id":"https:\/\/fenixcargo.nl\/pl\/#organization","name":"Fenix Cargo","url":"https:\/\/fenixcargo.nl\/pl\/","logo":{"@type":"ImageObject","inLanguage":"pl-PL","@id":"https:\/\/fenixcargo.nl\/pl\/#\/schema\/logo\/image\/","url":"https:\/\/fenixcargo.nl\/wp-content\/uploads\/2025\/10\/Baltas-2-1.svg","contentUrl":"https:\/\/fenixcargo.nl\/wp-content\/uploads\/2025\/10\/Baltas-2-1.svg","width":570,"height":120,"caption":"Fenix Cargo"},"image":{"@id":"https:\/\/fenixcargo.nl\/pl\/#\/schema\/logo\/image\/"}}]}},"_links":{"self":[{"href":"https:\/\/fenixcargo.nl\/pl\/wp-json\/wp\/v2\/pages\/3818","targetHints":{"allow":["GET"]}}],"collection":[{"href":"https:\/\/fenixcargo.nl\/pl\/wp-json\/wp\/v2\/pages"}],"about":[{"href":"https:\/\/fenixcargo.nl\/pl\/wp-json\/wp\/v2\/types\/page"}],"author":[{"embeddable":true,"href":"https:\/\/fenixcargo.nl\/pl\/wp-json\/wp\/v2\/users\/1"}],"replies":[{"embeddable":true,"href":"https:\/\/fenixcargo.nl\/pl\/wp-json\/wp\/v2\/comments?post=3818"}],"version-history":[{"count":9,"href":"https:\/\/fenixcargo.nl\/pl\/wp-json\/wp\/v2\/pages\/3818\/revisions"}],"predecessor-version":[{"id":6124,"href":"https:\/\/fenixcargo.nl\/pl\/wp-json\/wp\/v2\/pages\/3818\/revisions\/6124"}],"wp:attachment":[{"href":"https:\/\/fenixcargo.nl\/pl\/wp-json\/wp\/v2\/media?parent=3818"}],"curies":[{"name":"wp","href":"https:\/\/api.w.org\/{rel}","templated":true}]}}